{"id":5540,"date":"2021-03-11T11:31:00","date_gmt":"2021-03-11T08:31:00","guid":{"rendered":"https:\/\/www.marselsogutma.com\/klimasan-uretim\/"},"modified":"2021-11-15T12:29:13","modified_gmt":"2021-11-15T09:29:13","slug":"klimasan-production","status":"publish","type":"page","link":"https:\/\/www.marselsogutma.com\/en\/klimasan-production\/","title":{"rendered":"Klimasan Production"},"content":{"rendered":"<section class=\"l-section wpb_row height_custom\"><div class=\"l-section-h i-cf\"><div class=\"g-cols vc_row via_flex valign_top type_default stacking_default\"><div class=\"vc_col-sm-6 wpb_column vc_column_container\"><div class=\"vc_column-inner\"><div class=\"wpb_wrapper\"><div class=\"w-image align_none\"><div class=\"w-image-h\"><img width=\"768\" height=\"1024\" src=\"https:\/\/www.marselsogutma.com\/wp-content\/uploads\/2021\/01\/4-Klimasan-uretim-768x1024.jpg\" class=\"attachment-large size-large\" alt=\"klimasan \u00fcretim\" decoding=\"async\" loading=\"lazy\" srcset=\"https:\/\/www.marselsogutma.com\/wp-content\/uploads\/2021\/01\/4-Klimasan-uretim-rotated-768x1024.jpg 768w, https:\/\/www.marselsogutma.com\/wp-content\/uploads\/2021\/01\/4-Klimasan-uretim-rotated-600x800.jpg 600w, https:\/\/www.marselsogutma.com\/wp-content\/uploads\/2021\/01\/4-Klimasan-uretim-rotated-225x300.jpg 225w, https:\/\/www.marselsogutma.com\/wp-content\/uploads\/2021\/01\/4-Klimasan-uretim-rotated-300x400.jpg 300w, https:\/\/www.marselsogutma.com\/wp-content\/uploads\/2021\/01\/4-Klimasan-uretim-rotated-38x50.jpg 38w, https:\/\/www.marselsogutma.com\/wp-content\/uploads\/2021\/01\/4-Klimasan-uretim-rotated-8x11.jpg 8w, https:\/\/www.marselsogutma.com\/wp-content\/uploads\/2021\/01\/4-Klimasan-uretim-rotated-83x111.jpg 83w, https:\/\/www.marselsogutma.com\/wp-content\/uploads\/2021\/01\/4-Klimasan-uretim-rotated-128x170.jpg 128w, https:\/\/www.marselsogutma.com\/wp-content\/uploads\/2021\/01\/4-Klimasan-uretim-rotated.jpg 1512w\" sizes=\"(max-width: 768px) 100vw, 768px\" \/><\/div><\/div><\/div><\/div><\/div><div class=\"vc_col-sm-6 wpb_column vc_column_container\"><div class=\"vc_column-inner\"><div class=\"wpb_wrapper\"><div class=\"w-image align_none\"><div class=\"w-image-h\"><img width=\"768\" height=\"1024\" src=\"https:\/\/www.marselsogutma.com\/wp-content\/uploads\/2021\/01\/3-depo-768x1024.jpg\" class=\"attachment-large size-large\" alt=\"marsel depo\" decoding=\"async\" loading=\"lazy\" srcset=\"https:\/\/www.marselsogutma.com\/wp-content\/uploads\/2021\/01\/3-depo-rotated-768x1024.jpg 768w, https:\/\/www.marselsogutma.com\/wp-content\/uploads\/2021\/01\/3-depo-rotated-600x800.jpg 600w, https:\/\/www.marselsogutma.com\/wp-content\/uploads\/2021\/01\/3-depo-rotated-225x300.jpg 225w, https:\/\/www.marselsogutma.com\/wp-content\/uploads\/2021\/01\/3-depo-rotated-300x400.jpg 300w, https:\/\/www.marselsogutma.com\/wp-content\/uploads\/2021\/01\/3-depo-rotated-38x50.jpg 38w, https:\/\/www.marselsogutma.com\/wp-content\/uploads\/2021\/01\/3-depo-rotated-8x11.jpg 8w, https:\/\/www.marselsogutma.com\/wp-content\/uploads\/2021\/01\/3-depo-rotated-83x111.jpg 83w, https:\/\/www.marselsogutma.com\/wp-content\/uploads\/2021\/01\/3-depo-rotated-128x170.jpg 128w, https:\/\/www.marselsogutma.com\/wp-content\/uploads\/2021\/01\/3-depo-rotated.jpg 1512w\" sizes=\"(max-width: 768px) 100vw, 768px\" \/><\/div><\/div><\/div><\/div><\/div><\/div><\/div><\/section>\n","protected":false},"excerpt":{"rendered":"","protected":false},"author":1,"featured_media":0,"parent":0,"menu_order":0,"comment_status":"closed","ping_status":"closed","template":"","meta":[],"acf":[],"yoast_head":"<!-- This site is optimized with the Yoast SEO plugin v21.0 - https:\/\/yoast.com\/wordpress\/plugins\/seo\/ -->\n<title>Klimasan Production - Marsel So\u011futma A.\u015e<\/title>\n<meta name=\"robots\" content=\"index, follow, max-snippet:-1, max-image-preview:large, max-video-preview:-1\" \/>\n<link rel=\"canonical\" href=\"https:\/\/www.marselsogutma.com\/en\/klimasan-production\/\" \/>\n<meta property=\"og:locale\" content=\"en_US\" \/>\n<meta property=\"og:type\" content=\"article\" \/>\n<meta property=\"og:title\" content=\"Klimasan Production - Marsel So\u011futma A.\u015e\" \/>\n<meta property=\"og:url\" content=\"https:\/\/www.marselsogutma.com\/en\/klimasan-production\/\" \/>\n<meta property=\"og:site_name\" content=\"Marsel So\u011futma A.\u015e\" \/>\n<meta property=\"article:publisher\" content=\"https:\/\/www.facebook.com\/MarselSogutma.AS\/\" \/>\n<meta property=\"article:modified_time\" content=\"2021-11-15T09:29:13+00:00\" \/>\n<meta name=\"twitter:card\" content=\"summary_large_image\" \/>\n<meta name=\"twitter:site\" content=\"@marselsogutma\" \/>\n<meta name=\"twitter:label1\" content=\"Est. reading time\" \/>\n\t<meta name=\"twitter:data1\" content=\"1 minute\" \/>\n<script type=\"application\/ld+json\" class=\"yoast-schema-graph\">{\"@context\":\"https:\/\/schema.org\",\"@graph\":[{\"@type\":\"WebPage\",\"@id\":\"https:\/\/www.marselsogutma.com\/en\/klimasan-production\/\",\"url\":\"https:\/\/www.marselsogutma.com\/en\/klimasan-production\/\",\"name\":\"Klimasan Production - Marsel So\u011futma A.\u015e\",\"isPartOf\":{\"@id\":\"https:\/\/www.marselsogutma.com\/en\/#website\"},\"datePublished\":\"2021-03-11T08:31:00+00:00\",\"dateModified\":\"2021-11-15T09:29:13+00:00\",\"breadcrumb\":{\"@id\":\"https:\/\/www.marselsogutma.com\/en\/klimasan-production\/#breadcrumb\"},\"inLanguage\":\"en-US\",\"potentialAction\":[{\"@type\":\"ReadAction\",\"target\":[\"https:\/\/www.marselsogutma.com\/en\/klimasan-production\/\"]}]},{\"@type\":\"BreadcrumbList\",\"@id\":\"https:\/\/www.marselsogutma.com\/en\/klimasan-production\/#breadcrumb\",\"itemListElement\":[{\"@type\":\"ListItem\",\"position\":1,\"name\":\"Home page\",\"item\":\"https:\/\/www.marselsogutma.com\/en\/\"},{\"@type\":\"ListItem\",\"position\":2,\"name\":\"Klimasan Production\"}]},{\"@type\":\"WebSite\",\"@id\":\"https:\/\/www.marselsogutma.com\/en\/#website\",\"url\":\"https:\/\/www.marselsogutma.com\/en\/\",\"name\":\"Marsel So\u011futma A.\u015e\",\"description\":\"Marsel So\u011futma A.\u015e\",\"publisher\":{\"@id\":\"https:\/\/www.marselsogutma.com\/en\/#organization\"},\"potentialAction\":[{\"@type\":\"SearchAction\",\"target\":{\"@type\":\"EntryPoint\",\"urlTemplate\":\"https:\/\/www.marselsogutma.com\/en\/?s={search_term_string}\"},\"query-input\":\"required name=search_term_string\"}],\"inLanguage\":\"en-US\"},{\"@type\":\"Organization\",\"@id\":\"https:\/\/www.marselsogutma.com\/en\/#organization\",\"name\":\"Marsel So\u011futma A.\u015e.\",\"url\":\"https:\/\/www.marselsogutma.com\/en\/\",\"logo\":{\"@type\":\"ImageObject\",\"inLanguage\":\"en-US\",\"@id\":\"https:\/\/www.marselsogutma.com\/en\/#\/schema\/logo\/image\/\",\"url\":\"https:\/\/www.marselsogutma.com\/wp-content\/uploads\/2019\/09\/marsel-sogutma-sistemleri-logo.png\",\"contentUrl\":\"https:\/\/www.marselsogutma.com\/wp-content\/uploads\/2019\/09\/marsel-sogutma-sistemleri-logo.png\",\"width\":177,\"height\":57,\"caption\":\"Marsel So\u011futma A.\u015e.\"},\"image\":{\"@id\":\"https:\/\/www.marselsogutma.com\/en\/#\/schema\/logo\/image\/\"},\"sameAs\":[\"https:\/\/www.facebook.com\/MarselSogutma.AS\/\",\"https:\/\/twitter.com\/marselsogutma\",\"https:\/\/www.instagram.com\/marselsogutma\/\",\"https:\/\/www.linkedin.com\/company\/marsel-sogutma-as\",\"https:\/\/www.youtube.com\/channel\/UCxwUYkyF54aYE1YyOiXO69A\/featured\"]}]}<\/script>\n<!-- \/ Yoast SEO plugin. -->","yoast_head_json":{"title":"Klimasan Production - Marsel So\u011futma A.\u015e","robots":{"index":"index","follow":"follow","max-snippet":"max-snippet:-1","max-image-preview":"max-image-preview:large","max-video-preview":"max-video-preview:-1"},"canonical":"https:\/\/www.marselsogutma.com\/en\/klimasan-production\/","og_locale":"en_US","og_type":"article","og_title":"Klimasan Production - Marsel So\u011futma A.\u015e","og_url":"https:\/\/www.marselsogutma.com\/en\/klimasan-production\/","og_site_name":"Marsel So\u011futma A.\u015e","article_publisher":"https:\/\/www.facebook.com\/MarselSogutma.AS\/","article_modified_time":"2021-11-15T09:29:13+00:00","twitter_card":"summary_large_image","twitter_site":"@marselsogutma","twitter_misc":{"Est. reading time":"1 minute"},"schema":{"@context":"https:\/\/schema.org","@graph":[{"@type":"WebPage","@id":"https:\/\/www.marselsogutma.com\/en\/klimasan-production\/","url":"https:\/\/www.marselsogutma.com\/en\/klimasan-production\/","name":"Klimasan Production - Marsel So\u011futma A.\u015e","isPartOf":{"@id":"https:\/\/www.marselsogutma.com\/en\/#website"},"datePublished":"2021-03-11T08:31:00+00:00","dateModified":"2021-11-15T09:29:13+00:00","breadcrumb":{"@id":"https:\/\/www.marselsogutma.com\/en\/klimasan-production\/#breadcrumb"},"inLanguage":"en-US","potentialAction":[{"@type":"ReadAction","target":["https:\/\/www.marselsogutma.com\/en\/klimasan-production\/"]}]},{"@type":"BreadcrumbList","@id":"https:\/\/www.marselsogutma.com\/en\/klimasan-production\/#breadcrumb","itemListElement":[{"@type":"ListItem","position":1,"name":"Home page","item":"https:\/\/www.marselsogutma.com\/en\/"},{"@type":"ListItem","position":2,"name":"Klimasan Production"}]},{"@type":"WebSite","@id":"https:\/\/www.marselsogutma.com\/en\/#website","url":"https:\/\/www.marselsogutma.com\/en\/","name":"Marsel So\u011futma A.\u015e","description":"Marsel So\u011futma A.\u015e","publisher":{"@id":"https:\/\/www.marselsogutma.com\/en\/#organization"},"potentialAction":[{"@type":"SearchAction","target":{"@type":"EntryPoint","urlTemplate":"https:\/\/www.marselsogutma.com\/en\/?s={search_term_string}"},"query-input":"required name=search_term_string"}],"inLanguage":"en-US"},{"@type":"Organization","@id":"https:\/\/www.marselsogutma.com\/en\/#organization","name":"Marsel So\u011futma A.\u015e.","url":"https:\/\/www.marselsogutma.com\/en\/","logo":{"@type":"ImageObject","inLanguage":"en-US","@id":"https:\/\/www.marselsogutma.com\/en\/#\/schema\/logo\/image\/","url":"https:\/\/www.marselsogutma.com\/wp-content\/uploads\/2019\/09\/marsel-sogutma-sistemleri-logo.png","contentUrl":"https:\/\/www.marselsogutma.com\/wp-content\/uploads\/2019\/09\/marsel-sogutma-sistemleri-logo.png","width":177,"height":57,"caption":"Marsel So\u011futma A.\u015e."},"image":{"@id":"https:\/\/www.marselsogutma.com\/en\/#\/schema\/logo\/image\/"},"sameAs":["https:\/\/www.facebook.com\/MarselSogutma.AS\/","https:\/\/twitter.com\/marselsogutma","https:\/\/www.instagram.com\/marselsogutma\/","https:\/\/www.linkedin.com\/company\/marsel-sogutma-as","https:\/\/www.youtube.com\/channel\/UCxwUYkyF54aYE1YyOiXO69A\/featured"]}]}},"_links":{"self":[{"href":"https:\/\/www.marselsogutma.com\/en\/wp-json\/wp\/v2\/pages\/5540"}],"collection":[{"href":"https:\/\/www.marselsogutma.com\/en\/wp-json\/wp\/v2\/pages"}],"about":[{"href":"https:\/\/www.marselsogutma.com\/en\/wp-json\/wp\/v2\/types\/page"}],"author":[{"embeddable":true,"href":"https:\/\/www.marselsogutma.com\/en\/wp-json\/wp\/v2\/users\/1"}],"replies":[{"embeddable":true,"href":"https:\/\/www.marselsogutma.com\/en\/wp-json\/wp\/v2\/comments?post=5540"}],"version-history":[{"count":0,"href":"https:\/\/www.marselsogutma.com\/en\/wp-json\/wp\/v2\/pages\/5540\/revisions"}],"wp:attachment":[{"href":"https:\/\/www.marselsogutma.com\/en\/wp-json\/wp\/v2\/media?parent=5540"}],"curies":[{"name":"wp","href":"https:\/\/api.w.org\/{rel}","templated":true}]}}