{"id":6822,"date":"2024-07-08T09:25:04","date_gmt":"2024-07-08T06:25:04","guid":{"rendered":"https:\/\/www.marselsogutma.com\/tecumseh-fransa-fabrika-ziyareti\/"},"modified":"2024-07-16T11:59:18","modified_gmt":"2024-07-16T08:59:18","slug":"visit-to-the-tecumseh-factory-in-france","status":"publish","type":"page","link":"https:\/\/www.marselsogutma.com\/en\/visit-to-the-tecumseh-factory-in-france\/","title":{"rendered":"Visit to the Tecumseh factory in France"},"content":{"rendered":"<section class=\"l-section wpb_row height_custom\"><div class=\"l-section-h i-cf\"><div class=\"g-cols vc_row via_flex valign_top type_default stacking_default\"><div class=\"vc_col-sm-12 wpb_column vc_column_container\"><div class=\"vc_column-inner\"><div class=\"wpb_wrapper\"><div class=\"wpb_text_column\"><div class=\"wpb_wrapper\"><p>We have visited <strong>Tecumseh<\/strong> factory in Lyon. We are hosted greatly by the full management team of Tecumseh. Thanking for their great hospitality and kindness.<\/p>\n<\/div><\/div><div class=\"w-grid type_grid layout_gallery_default cols_2\" id=\"us_grid_1\" style=\"--gap:1.5rem;\" data-filterable=\"true\"><style>@media (max-width:600px){#us_grid_1 .w-grid-list{margin:0}#us_grid_1 .w-grid-item{width:100%;padding:0;margin-bottom:var(--gap,0px)}}.layout_gallery_default .w-grid-item-h{}<\/style><div class=\"w-grid-list\">\t<article class=\"w-grid-item size_1x1 post-6806 attachment type-attachment status-inherit hentry\" data-id=\"6806\">\r\n\t\t<div class=\"w-grid-item-h\">\r\n\t\t\t\t\t\t<div class=\"w-post-elm post_image usg_post_image_1 stretched\"><img width=\"768\" height=\"1024\" src=\"https:\/\/www.marselsogutma.com\/wp-content\/uploads\/2024\/07\/tecumseh-fabrika-ziyareti-768x1024.jpg\" class=\"attachment-large size-large\" alt=\"\" decoding=\"async\" loading=\"lazy\" srcset=\"https:\/\/www.marselsogutma.com\/wp-content\/uploads\/2024\/07\/tecumseh-fabrika-ziyareti-768x1024.jpg 768w, https:\/\/www.marselsogutma.com\/wp-content\/uploads\/2024\/07\/tecumseh-fabrika-ziyareti-225x300.jpg 225w, https:\/\/www.marselsogutma.com\/wp-content\/uploads\/2024\/07\/tecumseh-fabrika-ziyareti-300x400.jpg 300w, https:\/\/www.marselsogutma.com\/wp-content\/uploads\/2024\/07\/tecumseh-fabrika-ziyareti-38x50.jpg 38w, https:\/\/www.marselsogutma.com\/wp-content\/uploads\/2024\/07\/tecumseh-fabrika-ziyareti-8x11.jpg 8w, https:\/\/www.marselsogutma.com\/wp-content\/uploads\/2024\/07\/tecumseh-fabrika-ziyareti-83x111.jpg 83w, https:\/\/www.marselsogutma.com\/wp-content\/uploads\/2024\/07\/tecumseh-fabrika-ziyareti-128x170.jpg 128w, https:\/\/www.marselsogutma.com\/wp-content\/uploads\/2024\/07\/tecumseh-fabrika-ziyareti-600x800.jpg 600w, https:\/\/www.marselsogutma.com\/wp-content\/uploads\/2024\/07\/tecumseh-fabrika-ziyareti-scaled.jpg 1920w\" sizes=\"(max-width: 768px) 100vw, 768px\" \/><\/div>\t\t<\/div>\r\n\t\t\t<\/article>\r\n\t<article class=\"w-grid-item size_1x1 post-6808 attachment type-attachment status-inherit hentry\" data-id=\"6808\">\r\n\t\t<div class=\"w-grid-item-h\">\r\n\t\t\t\t\t\t<div class=\"w-post-elm post_image usg_post_image_1 stretched\"><img width=\"768\" height=\"1024\" src=\"https:\/\/www.marselsogutma.com\/wp-content\/uploads\/2024\/07\/tecumseh-fabrika-ziyaret-768x1024.jpg\" class=\"attachment-large size-large\" alt=\"\" decoding=\"async\" loading=\"lazy\" srcset=\"https:\/\/www.marselsogutma.com\/wp-content\/uploads\/2024\/07\/tecumseh-fabrika-ziyaret-768x1024.jpg 768w, https:\/\/www.marselsogutma.com\/wp-content\/uploads\/2024\/07\/tecumseh-fabrika-ziyaret-225x300.jpg 225w, https:\/\/www.marselsogutma.com\/wp-content\/uploads\/2024\/07\/tecumseh-fabrika-ziyaret-300x400.jpg 300w, https:\/\/www.marselsogutma.com\/wp-content\/uploads\/2024\/07\/tecumseh-fabrika-ziyaret-38x50.jpg 38w, https:\/\/www.marselsogutma.com\/wp-content\/uploads\/2024\/07\/tecumseh-fabrika-ziyaret-8x11.jpg 8w, https:\/\/www.marselsogutma.com\/wp-content\/uploads\/2024\/07\/tecumseh-fabrika-ziyaret-83x111.jpg 83w, https:\/\/www.marselsogutma.com\/wp-content\/uploads\/2024\/07\/tecumseh-fabrika-ziyaret-128x170.jpg 128w, https:\/\/www.marselsogutma.com\/wp-content\/uploads\/2024\/07\/tecumseh-fabrika-ziyaret-600x800.jpg 600w, https:\/\/www.marselsogutma.com\/wp-content\/uploads\/2024\/07\/tecumseh-fabrika-ziyaret.jpg 1512w\" sizes=\"(max-width: 768px) 100vw, 768px\" \/><\/div>\t\t<\/div>\r\n\t\t\t<\/article>\r\n\t<article class=\"w-grid-item size_1x1 post-6810 attachment type-attachment status-inherit hentry\" data-id=\"6810\">\r\n\t\t<div class=\"w-grid-item-h\">\r\n\t\t\t\t\t\t<div class=\"w-post-elm post_image usg_post_image_1 stretched\"><img width=\"768\" height=\"1024\" src=\"https:\/\/www.marselsogutma.com\/wp-content\/uploads\/2024\/07\/tecumseh-fabrika-768x1024.jpg\" class=\"attachment-large size-large\" alt=\"\" decoding=\"async\" loading=\"lazy\" srcset=\"https:\/\/www.marselsogutma.com\/wp-content\/uploads\/2024\/07\/tecumseh-fabrika-768x1024.jpg 768w, https:\/\/www.marselsogutma.com\/wp-content\/uploads\/2024\/07\/tecumseh-fabrika-225x300.jpg 225w, https:\/\/www.marselsogutma.com\/wp-content\/uploads\/2024\/07\/tecumseh-fabrika-300x400.jpg 300w, https:\/\/www.marselsogutma.com\/wp-content\/uploads\/2024\/07\/tecumseh-fabrika-37x50.jpg 37w, https:\/\/www.marselsogutma.com\/wp-content\/uploads\/2024\/07\/tecumseh-fabrika-8x11.jpg 8w, https:\/\/www.marselsogutma.com\/wp-content\/uploads\/2024\/07\/tecumseh-fabrika-83x111.jpg 83w, https:\/\/www.marselsogutma.com\/wp-content\/uploads\/2024\/07\/tecumseh-fabrika-127x170.jpg 127w, https:\/\/www.marselsogutma.com\/wp-content\/uploads\/2024\/07\/tecumseh-fabrika-600x800.jpg 600w, https:\/\/www.marselsogutma.com\/wp-content\/uploads\/2024\/07\/tecumseh-fabrika-scaled.jpg 1920w\" sizes=\"(max-width: 768px) 100vw, 768px\" \/><\/div>\t\t<\/div>\r\n\t\t\t<\/article>\r\n\t<article class=\"w-grid-item size_1x1 post-6812 attachment type-attachment status-inherit hentry\" data-id=\"6812\">\r\n\t\t<div class=\"w-grid-item-h\">\r\n\t\t\t\t\t\t<div class=\"w-post-elm post_image usg_post_image_1 stretched\"><img width=\"768\" height=\"1024\" src=\"https:\/\/www.marselsogutma.com\/wp-content\/uploads\/2024\/07\/tecumseh-grup-768x1024.jpg\" class=\"attachment-large size-large\" alt=\"\" decoding=\"async\" loading=\"lazy\" srcset=\"https:\/\/www.marselsogutma.com\/wp-content\/uploads\/2024\/07\/tecumseh-grup-768x1024.jpg 768w, https:\/\/www.marselsogutma.com\/wp-content\/uploads\/2024\/07\/tecumseh-grup-225x300.jpg 225w, https:\/\/www.marselsogutma.com\/wp-content\/uploads\/2024\/07\/tecumseh-grup-300x400.jpg 300w, https:\/\/www.marselsogutma.com\/wp-content\/uploads\/2024\/07\/tecumseh-grup-38x50.jpg 38w, https:\/\/www.marselsogutma.com\/wp-content\/uploads\/2024\/07\/tecumseh-grup-8x11.jpg 8w, https:\/\/www.marselsogutma.com\/wp-content\/uploads\/2024\/07\/tecumseh-grup-83x111.jpg 83w, https:\/\/www.marselsogutma.com\/wp-content\/uploads\/2024\/07\/tecumseh-grup-128x170.jpg 128w, https:\/\/www.marselsogutma.com\/wp-content\/uploads\/2024\/07\/tecumseh-grup-600x800.jpg 600w, https:\/\/www.marselsogutma.com\/wp-content\/uploads\/2024\/07\/tecumseh-grup-scaled.jpg 1920w\" sizes=\"(max-width: 768px) 100vw, 768px\" \/><\/div>\t\t<\/div>\r\n\t\t\t<\/article>\r\n<\/div><div class=\"w-grid-preloader\">\t<div class=\"g-preloader type_1\">\r\n\t\t<div><\/div>\r\n\t<\/div>\r\n\t<\/div>\t<div class=\"w-grid-json hidden\" onclick='return {&quot;action&quot;:&quot;us_ajax_grid&quot;,&quot;infinite_scroll&quot;:0,&quot;max_num_pages&quot;:1,&quot;pagination&quot;:&quot;none&quot;,&quot;template_vars&quot;:{&quot;columns&quot;:&quot;2&quot;,&quot;exclude_items&quot;:&quot;none&quot;,&quot;img_size&quot;:&quot;default&quot;,&quot;ignore_items_size&quot;:0,&quot;items_layout&quot;:&quot;gallery_default&quot;,&quot;items_offset&quot;:&quot;1&quot;,&quot;load_animation&quot;:&quot;none&quot;,&quot;overriding_link&quot;:&quot;%7B%22url%22%3A%22%22%7D&quot;,&quot;post_id&quot;:0,&quot;query_args&quot;:{&quot;post_type&quot;:[&quot;attachment&quot;],&quot;post__in&quot;:[&quot;6805&quot;,&quot;6807&quot;,&quot;6809&quot;,&quot;6811&quot;],&quot;post_status&quot;:&quot;inherit&quot;,&quot;post_mime_type&quot;:&quot;image&quot;,&quot;posts_per_page&quot;:&quot;10&quot;},&quot;orderby_query_args&quot;:{&quot;orderby&quot;:{&quot;post__in&quot;:&quot;ASC&quot;},&quot;order&quot;:&quot;ASC&quot;},&quot;type&quot;:&quot;grid&quot;,&quot;us_grid_post_type&quot;:&quot;attachment&quot;,&quot;us_grid_ajax_index&quot;:1,&quot;us_grid_filter_query_string&quot;:null,&quot;us_grid_index&quot;:1,&quot;page_args&quot;:[],&quot;lang&quot;:&quot;en&quot;}}'><\/div>\r\n\t<\/div><\/div><\/div><\/div><\/div><\/div><\/section>\n","protected":false},"excerpt":{"rendered":"","protected":false},"author":1,"featured_media":0,"parent":0,"menu_order":0,"comment_status":"closed","ping_status":"closed","template":"","meta":[],"acf":[],"yoast_head":"<!-- This site is optimized with the Yoast SEO plugin v21.0 - https:\/\/yoast.com\/wordpress\/plugins\/seo\/ -->\n<title>Visit to the Tecumseh factory in France - Marsel So\u011futma A.\u015e<\/title>\n<meta name=\"robots\" content=\"index, follow, max-snippet:-1, max-image-preview:large, max-video-preview:-1\" \/>\n<link rel=\"canonical\" href=\"https:\/\/www.marselsogutma.com\/en\/visit-to-the-tecumseh-factory-in-france\/\" \/>\n<meta property=\"og:locale\" content=\"en_US\" \/>\n<meta property=\"og:type\" content=\"article\" \/>\n<meta property=\"og:title\" content=\"Visit to the Tecumseh factory in France - Marsel So\u011futma A.\u015e\" \/>\n<meta property=\"og:url\" content=\"https:\/\/www.marselsogutma.com\/en\/visit-to-the-tecumseh-factory-in-france\/\" \/>\n<meta property=\"og:site_name\" content=\"Marsel So\u011futma A.\u015e\" \/>\n<meta property=\"article:publisher\" content=\"https:\/\/www.facebook.com\/MarselSogutma.AS\/\" \/>\n<meta property=\"article:modified_time\" content=\"2024-07-16T08:59:18+00:00\" \/>\n<meta name=\"twitter:card\" content=\"summary_large_image\" \/>\n<meta name=\"twitter:site\" content=\"@marselsogutma\" \/>\n<meta name=\"twitter:label1\" content=\"Est. reading time\" \/>\n\t<meta name=\"twitter:data1\" content=\"1 minute\" \/>\n<script type=\"application\/ld+json\" class=\"yoast-schema-graph\">{\"@context\":\"https:\/\/schema.org\",\"@graph\":[{\"@type\":\"WebPage\",\"@id\":\"https:\/\/www.marselsogutma.com\/en\/visit-to-the-tecumseh-factory-in-france\/\",\"url\":\"https:\/\/www.marselsogutma.com\/en\/visit-to-the-tecumseh-factory-in-france\/\",\"name\":\"Visit to the Tecumseh factory in France - Marsel So\u011futma A.\u015e\",\"isPartOf\":{\"@id\":\"https:\/\/www.marselsogutma.com\/en\/#website\"},\"datePublished\":\"2024-07-08T06:25:04+00:00\",\"dateModified\":\"2024-07-16T08:59:18+00:00\",\"breadcrumb\":{\"@id\":\"https:\/\/www.marselsogutma.com\/en\/visit-to-the-tecumseh-factory-in-france\/#breadcrumb\"},\"inLanguage\":\"en-US\",\"potentialAction\":[{\"@type\":\"ReadAction\",\"target\":[\"https:\/\/www.marselsogutma.com\/en\/visit-to-the-tecumseh-factory-in-france\/\"]}]},{\"@type\":\"BreadcrumbList\",\"@id\":\"https:\/\/www.marselsogutma.com\/en\/visit-to-the-tecumseh-factory-in-france\/#breadcrumb\",\"itemListElement\":[{\"@type\":\"ListItem\",\"position\":1,\"name\":\"Home page\",\"item\":\"https:\/\/www.marselsogutma.com\/en\/\"},{\"@type\":\"ListItem\",\"position\":2,\"name\":\"Visit to the Tecumseh factory in France\"}]},{\"@type\":\"WebSite\",\"@id\":\"https:\/\/www.marselsogutma.com\/en\/#website\",\"url\":\"https:\/\/www.marselsogutma.com\/en\/\",\"name\":\"Marsel So\u011futma A.\u015e\",\"description\":\"Marsel So\u011futma A.\u015e\",\"publisher\":{\"@id\":\"https:\/\/www.marselsogutma.com\/en\/#organization\"},\"potentialAction\":[{\"@type\":\"SearchAction\",\"target\":{\"@type\":\"EntryPoint\",\"urlTemplate\":\"https:\/\/www.marselsogutma.com\/en\/?s={search_term_string}\"},\"query-input\":\"required name=search_term_string\"}],\"inLanguage\":\"en-US\"},{\"@type\":\"Organization\",\"@id\":\"https:\/\/www.marselsogutma.com\/en\/#organization\",\"name\":\"Marsel So\u011futma A.\u015e.\",\"url\":\"https:\/\/www.marselsogutma.com\/en\/\",\"logo\":{\"@type\":\"ImageObject\",\"inLanguage\":\"en-US\",\"@id\":\"https:\/\/www.marselsogutma.com\/en\/#\/schema\/logo\/image\/\",\"url\":\"https:\/\/www.marselsogutma.com\/wp-content\/uploads\/2019\/09\/marsel-sogutma-sistemleri-logo.png\",\"contentUrl\":\"https:\/\/www.marselsogutma.com\/wp-content\/uploads\/2019\/09\/marsel-sogutma-sistemleri-logo.png\",\"width\":177,\"height\":57,\"caption\":\"Marsel So\u011futma A.\u015e.\"},\"image\":{\"@id\":\"https:\/\/www.marselsogutma.com\/en\/#\/schema\/logo\/image\/\"},\"sameAs\":[\"https:\/\/www.facebook.com\/MarselSogutma.AS\/\",\"https:\/\/twitter.com\/marselsogutma\",\"https:\/\/www.instagram.com\/marselsogutma\/\",\"https:\/\/www.linkedin.com\/company\/marsel-sogutma-as\",\"https:\/\/www.youtube.com\/channel\/UCxwUYkyF54aYE1YyOiXO69A\/featured\"]}]}<\/script>\n<!-- \/ Yoast SEO plugin. -->","yoast_head_json":{"title":"Visit to the Tecumseh factory in France - Marsel So\u011futma A.\u015e","robots":{"index":"index","follow":"follow","max-snippet":"max-snippet:-1","max-image-preview":"max-image-preview:large","max-video-preview":"max-video-preview:-1"},"canonical":"https:\/\/www.marselsogutma.com\/en\/visit-to-the-tecumseh-factory-in-france\/","og_locale":"en_US","og_type":"article","og_title":"Visit to the Tecumseh factory in France - Marsel So\u011futma A.\u015e","og_url":"https:\/\/www.marselsogutma.com\/en\/visit-to-the-tecumseh-factory-in-france\/","og_site_name":"Marsel So\u011futma A.\u015e","article_publisher":"https:\/\/www.facebook.com\/MarselSogutma.AS\/","article_modified_time":"2024-07-16T08:59:18+00:00","twitter_card":"summary_large_image","twitter_site":"@marselsogutma","twitter_misc":{"Est. reading time":"1 minute"},"schema":{"@context":"https:\/\/schema.org","@graph":[{"@type":"WebPage","@id":"https:\/\/www.marselsogutma.com\/en\/visit-to-the-tecumseh-factory-in-france\/","url":"https:\/\/www.marselsogutma.com\/en\/visit-to-the-tecumseh-factory-in-france\/","name":"Visit to the Tecumseh factory in France - Marsel So\u011futma A.\u015e","isPartOf":{"@id":"https:\/\/www.marselsogutma.com\/en\/#website"},"datePublished":"2024-07-08T06:25:04+00:00","dateModified":"2024-07-16T08:59:18+00:00","breadcrumb":{"@id":"https:\/\/www.marselsogutma.com\/en\/visit-to-the-tecumseh-factory-in-france\/#breadcrumb"},"inLanguage":"en-US","potentialAction":[{"@type":"ReadAction","target":["https:\/\/www.marselsogutma.com\/en\/visit-to-the-tecumseh-factory-in-france\/"]}]},{"@type":"BreadcrumbList","@id":"https:\/\/www.marselsogutma.com\/en\/visit-to-the-tecumseh-factory-in-france\/#breadcrumb","itemListElement":[{"@type":"ListItem","position":1,"name":"Home page","item":"https:\/\/www.marselsogutma.com\/en\/"},{"@type":"ListItem","position":2,"name":"Visit to the Tecumseh factory in France"}]},{"@type":"WebSite","@id":"https:\/\/www.marselsogutma.com\/en\/#website","url":"https:\/\/www.marselsogutma.com\/en\/","name":"Marsel So\u011futma A.\u015e","description":"Marsel So\u011futma A.\u015e","publisher":{"@id":"https:\/\/www.marselsogutma.com\/en\/#organization"},"potentialAction":[{"@type":"SearchAction","target":{"@type":"EntryPoint","urlTemplate":"https:\/\/www.marselsogutma.com\/en\/?s={search_term_string}"},"query-input":"required name=search_term_string"}],"inLanguage":"en-US"},{"@type":"Organization","@id":"https:\/\/www.marselsogutma.com\/en\/#organization","name":"Marsel So\u011futma A.\u015e.","url":"https:\/\/www.marselsogutma.com\/en\/","logo":{"@type":"ImageObject","inLanguage":"en-US","@id":"https:\/\/www.marselsogutma.com\/en\/#\/schema\/logo\/image\/","url":"https:\/\/www.marselsogutma.com\/wp-content\/uploads\/2019\/09\/marsel-sogutma-sistemleri-logo.png","contentUrl":"https:\/\/www.marselsogutma.com\/wp-content\/uploads\/2019\/09\/marsel-sogutma-sistemleri-logo.png","width":177,"height":57,"caption":"Marsel So\u011futma A.\u015e."},"image":{"@id":"https:\/\/www.marselsogutma.com\/en\/#\/schema\/logo\/image\/"},"sameAs":["https:\/\/www.facebook.com\/MarselSogutma.AS\/","https:\/\/twitter.com\/marselsogutma","https:\/\/www.instagram.com\/marselsogutma\/","https:\/\/www.linkedin.com\/company\/marsel-sogutma-as","https:\/\/www.youtube.com\/channel\/UCxwUYkyF54aYE1YyOiXO69A\/featured"]}]}},"_links":{"self":[{"href":"https:\/\/www.marselsogutma.com\/en\/wp-json\/wp\/v2\/pages\/6822"}],"collection":[{"href":"https:\/\/www.marselsogutma.com\/en\/wp-json\/wp\/v2\/pages"}],"about":[{"href":"https:\/\/www.marselsogutma.com\/en\/wp-json\/wp\/v2\/types\/page"}],"author":[{"embeddable":true,"href":"https:\/\/www.marselsogutma.com\/en\/wp-json\/wp\/v2\/users\/1"}],"replies":[{"embeddable":true,"href":"https:\/\/www.marselsogutma.com\/en\/wp-json\/wp\/v2\/comments?post=6822"}],"version-history":[{"count":0,"href":"https:\/\/www.marselsogutma.com\/en\/wp-json\/wp\/v2\/pages\/6822\/revisions"}],"wp:attachment":[{"href":"https:\/\/www.marselsogutma.com\/en\/wp-json\/wp\/v2\/media?parent=6822"}],"curies":[{"name":"wp","href":"https:\/\/api.w.org\/{rel}","templated":true}]}}