{"id":6999,"date":"2025-02-05T09:48:08","date_gmt":"2025-02-05T06:48:08","guid":{"rendered":"https:\/\/www.marselsogutma.com\/weiguangin-turkiye-tek-resmi-distributoru\/"},"modified":"2025-05-14T10:40:45","modified_gmt":"2025-05-14T07:40:45","slug":"exclusive-official-weiguang-distributor-in-turkey","status":"publish","type":"page","link":"https:\/\/www.marselsogutma.com\/en\/exclusive-official-weiguang-distributor-in-turkey\/","title":{"rendered":"Exclusive Official Weiguang distributor in Turkey"},"content":{"rendered":"<section class=\"l-section wpb_row height_custom\"><div class=\"l-section-h i-cf\"><div class=\"g-cols vc_row via_flex valign_top type_default stacking_default\"><div class=\"vc_col-sm-12 wpb_column vc_column_container\"><div class=\"vc_column-inner\"><div class=\"wpb_wrapper\"><div class=\"w-image align_center\"><div class=\"w-image-h\"><img width=\"819\" height=\"1024\" src=\"https:\/\/www.marselsogutma.com\/wp-content\/uploads\/2025\/05\/marsel-weiguang-exclusive-distriburtor-en-819x1024.jpg\" class=\"attachment-large size-large\" alt=\"\" decoding=\"async\" loading=\"lazy\" srcset=\"https:\/\/www.marselsogutma.com\/wp-content\/uploads\/2025\/05\/marsel-weiguang-exclusive-distriburtor-en-819x1024.jpg 819w, https:\/\/www.marselsogutma.com\/wp-content\/uploads\/2025\/05\/marsel-weiguang-exclusive-distriburtor-en-240x300.jpg 240w, https:\/\/www.marselsogutma.com\/wp-content\/uploads\/2025\/05\/marsel-weiguang-exclusive-distriburtor-en-320x400.jpg 320w, https:\/\/www.marselsogutma.com\/wp-content\/uploads\/2025\/05\/marsel-weiguang-exclusive-distriburtor-en-40x50.jpg 40w, https:\/\/www.marselsogutma.com\/wp-content\/uploads\/2025\/05\/marsel-weiguang-exclusive-distriburtor-en-9x11.jpg 9w, https:\/\/www.marselsogutma.com\/wp-content\/uploads\/2025\/05\/marsel-weiguang-exclusive-distriburtor-en-89x111.jpg 89w, https:\/\/www.marselsogutma.com\/wp-content\/uploads\/2025\/05\/marsel-weiguang-exclusive-distriburtor-en-136x170.jpg 136w, https:\/\/www.marselsogutma.com\/wp-content\/uploads\/2025\/05\/marsel-weiguang-exclusive-distriburtor-en-600x750.jpg 600w, https:\/\/www.marselsogutma.com\/wp-content\/uploads\/2025\/05\/marsel-weiguang-exclusive-distriburtor-en.jpg 1080w\" sizes=\"(max-width: 819px) 100vw, 819px\" \/><\/div><\/div><\/div><\/div><\/div><\/div><\/div><\/section>\n","protected":false},"excerpt":{"rendered":"","protected":false},"author":1,"featured_media":0,"parent":0,"menu_order":0,"comment_status":"closed","ping_status":"closed","template":"","meta":[],"acf":[],"yoast_head":"<!-- This site is optimized with the Yoast SEO plugin v21.0 - https:\/\/yoast.com\/wordpress\/plugins\/seo\/ -->\n<title>Exclusive Official Weiguang distributor in Turkey - Marsel So\u011futma A.\u015e<\/title>\n<meta name=\"robots\" content=\"index, follow, max-snippet:-1, max-image-preview:large, max-video-preview:-1\" \/>\n<link rel=\"canonical\" href=\"https:\/\/www.marselsogutma.com\/en\/exclusive-official-weiguang-distributor-in-turkey\/\" \/>\n<meta property=\"og:locale\" content=\"en_US\" \/>\n<meta property=\"og:type\" content=\"article\" \/>\n<meta property=\"og:title\" content=\"Exclusive Official Weiguang distributor in Turkey - Marsel So\u011futma A.\u015e\" \/>\n<meta property=\"og:url\" content=\"https:\/\/www.marselsogutma.com\/en\/exclusive-official-weiguang-distributor-in-turkey\/\" \/>\n<meta property=\"og:site_name\" content=\"Marsel So\u011futma A.\u015e\" \/>\n<meta property=\"article:publisher\" content=\"https:\/\/www.facebook.com\/MarselSogutma.AS\/\" \/>\n<meta property=\"article:modified_time\" content=\"2025-05-14T07:40:45+00:00\" \/>\n<meta name=\"twitter:card\" content=\"summary_large_image\" \/>\n<meta name=\"twitter:site\" content=\"@marselsogutma\" \/>\n<meta name=\"twitter:label1\" content=\"Est. reading time\" \/>\n\t<meta name=\"twitter:data1\" content=\"1 minute\" \/>\n<script type=\"application\/ld+json\" class=\"yoast-schema-graph\">{\"@context\":\"https:\/\/schema.org\",\"@graph\":[{\"@type\":\"WebPage\",\"@id\":\"https:\/\/www.marselsogutma.com\/en\/exclusive-official-weiguang-distributor-in-turkey\/\",\"url\":\"https:\/\/www.marselsogutma.com\/en\/exclusive-official-weiguang-distributor-in-turkey\/\",\"name\":\"Exclusive Official Weiguang distributor in Turkey - Marsel So\u011futma A.\u015e\",\"isPartOf\":{\"@id\":\"https:\/\/www.marselsogutma.com\/en\/#website\"},\"datePublished\":\"2025-02-05T06:48:08+00:00\",\"dateModified\":\"2025-05-14T07:40:45+00:00\",\"breadcrumb\":{\"@id\":\"https:\/\/www.marselsogutma.com\/en\/exclusive-official-weiguang-distributor-in-turkey\/#breadcrumb\"},\"inLanguage\":\"en-US\",\"potentialAction\":[{\"@type\":\"ReadAction\",\"target\":[\"https:\/\/www.marselsogutma.com\/en\/exclusive-official-weiguang-distributor-in-turkey\/\"]}]},{\"@type\":\"BreadcrumbList\",\"@id\":\"https:\/\/www.marselsogutma.com\/en\/exclusive-official-weiguang-distributor-in-turkey\/#breadcrumb\",\"itemListElement\":[{\"@type\":\"ListItem\",\"position\":1,\"name\":\"Home page\",\"item\":\"https:\/\/www.marselsogutma.com\/en\/\"},{\"@type\":\"ListItem\",\"position\":2,\"name\":\"Exclusive Official Weiguang distributor in Turkey\"}]},{\"@type\":\"WebSite\",\"@id\":\"https:\/\/www.marselsogutma.com\/en\/#website\",\"url\":\"https:\/\/www.marselsogutma.com\/en\/\",\"name\":\"Marsel So\u011futma A.\u015e\",\"description\":\"Marsel So\u011futma A.\u015e\",\"publisher\":{\"@id\":\"https:\/\/www.marselsogutma.com\/en\/#organization\"},\"potentialAction\":[{\"@type\":\"SearchAction\",\"target\":{\"@type\":\"EntryPoint\",\"urlTemplate\":\"https:\/\/www.marselsogutma.com\/en\/?s={search_term_string}\"},\"query-input\":\"required name=search_term_string\"}],\"inLanguage\":\"en-US\"},{\"@type\":\"Organization\",\"@id\":\"https:\/\/www.marselsogutma.com\/en\/#organization\",\"name\":\"Marsel So\u011futma A.\u015e.\",\"url\":\"https:\/\/www.marselsogutma.com\/en\/\",\"logo\":{\"@type\":\"ImageObject\",\"inLanguage\":\"en-US\",\"@id\":\"https:\/\/www.marselsogutma.com\/en\/#\/schema\/logo\/image\/\",\"url\":\"https:\/\/www.marselsogutma.com\/wp-content\/uploads\/2019\/09\/marsel-sogutma-sistemleri-logo.png\",\"contentUrl\":\"https:\/\/www.marselsogutma.com\/wp-content\/uploads\/2019\/09\/marsel-sogutma-sistemleri-logo.png\",\"width\":177,\"height\":57,\"caption\":\"Marsel So\u011futma A.\u015e.\"},\"image\":{\"@id\":\"https:\/\/www.marselsogutma.com\/en\/#\/schema\/logo\/image\/\"},\"sameAs\":[\"https:\/\/www.facebook.com\/MarselSogutma.AS\/\",\"https:\/\/twitter.com\/marselsogutma\",\"https:\/\/www.instagram.com\/marselsogutma\/\",\"https:\/\/www.linkedin.com\/company\/marsel-sogutma-as\",\"https:\/\/www.youtube.com\/channel\/UCxwUYkyF54aYE1YyOiXO69A\/featured\"]}]}<\/script>\n<!-- \/ Yoast SEO plugin. -->","yoast_head_json":{"title":"Exclusive Official Weiguang distributor in Turkey - Marsel So\u011futma A.\u015e","robots":{"index":"index","follow":"follow","max-snippet":"max-snippet:-1","max-image-preview":"max-image-preview:large","max-video-preview":"max-video-preview:-1"},"canonical":"https:\/\/www.marselsogutma.com\/en\/exclusive-official-weiguang-distributor-in-turkey\/","og_locale":"en_US","og_type":"article","og_title":"Exclusive Official Weiguang distributor in Turkey - Marsel So\u011futma A.\u015e","og_url":"https:\/\/www.marselsogutma.com\/en\/exclusive-official-weiguang-distributor-in-turkey\/","og_site_name":"Marsel So\u011futma A.\u015e","article_publisher":"https:\/\/www.facebook.com\/MarselSogutma.AS\/","article_modified_time":"2025-05-14T07:40:45+00:00","twitter_card":"summary_large_image","twitter_site":"@marselsogutma","twitter_misc":{"Est. reading time":"1 minute"},"schema":{"@context":"https:\/\/schema.org","@graph":[{"@type":"WebPage","@id":"https:\/\/www.marselsogutma.com\/en\/exclusive-official-weiguang-distributor-in-turkey\/","url":"https:\/\/www.marselsogutma.com\/en\/exclusive-official-weiguang-distributor-in-turkey\/","name":"Exclusive Official Weiguang distributor in Turkey - Marsel So\u011futma A.\u015e","isPartOf":{"@id":"https:\/\/www.marselsogutma.com\/en\/#website"},"datePublished":"2025-02-05T06:48:08+00:00","dateModified":"2025-05-14T07:40:45+00:00","breadcrumb":{"@id":"https:\/\/www.marselsogutma.com\/en\/exclusive-official-weiguang-distributor-in-turkey\/#breadcrumb"},"inLanguage":"en-US","potentialAction":[{"@type":"ReadAction","target":["https:\/\/www.marselsogutma.com\/en\/exclusive-official-weiguang-distributor-in-turkey\/"]}]},{"@type":"BreadcrumbList","@id":"https:\/\/www.marselsogutma.com\/en\/exclusive-official-weiguang-distributor-in-turkey\/#breadcrumb","itemListElement":[{"@type":"ListItem","position":1,"name":"Home page","item":"https:\/\/www.marselsogutma.com\/en\/"},{"@type":"ListItem","position":2,"name":"Exclusive Official Weiguang distributor in Turkey"}]},{"@type":"WebSite","@id":"https:\/\/www.marselsogutma.com\/en\/#website","url":"https:\/\/www.marselsogutma.com\/en\/","name":"Marsel So\u011futma A.\u015e","description":"Marsel So\u011futma A.\u015e","publisher":{"@id":"https:\/\/www.marselsogutma.com\/en\/#organization"},"potentialAction":[{"@type":"SearchAction","target":{"@type":"EntryPoint","urlTemplate":"https:\/\/www.marselsogutma.com\/en\/?s={search_term_string}"},"query-input":"required name=search_term_string"}],"inLanguage":"en-US"},{"@type":"Organization","@id":"https:\/\/www.marselsogutma.com\/en\/#organization","name":"Marsel So\u011futma A.\u015e.","url":"https:\/\/www.marselsogutma.com\/en\/","logo":{"@type":"ImageObject","inLanguage":"en-US","@id":"https:\/\/www.marselsogutma.com\/en\/#\/schema\/logo\/image\/","url":"https:\/\/www.marselsogutma.com\/wp-content\/uploads\/2019\/09\/marsel-sogutma-sistemleri-logo.png","contentUrl":"https:\/\/www.marselsogutma.com\/wp-content\/uploads\/2019\/09\/marsel-sogutma-sistemleri-logo.png","width":177,"height":57,"caption":"Marsel So\u011futma A.\u015e."},"image":{"@id":"https:\/\/www.marselsogutma.com\/en\/#\/schema\/logo\/image\/"},"sameAs":["https:\/\/www.facebook.com\/MarselSogutma.AS\/","https:\/\/twitter.com\/marselsogutma","https:\/\/www.instagram.com\/marselsogutma\/","https:\/\/www.linkedin.com\/company\/marsel-sogutma-as","https:\/\/www.youtube.com\/channel\/UCxwUYkyF54aYE1YyOiXO69A\/featured"]}]}},"_links":{"self":[{"href":"https:\/\/www.marselsogutma.com\/en\/wp-json\/wp\/v2\/pages\/6999"}],"collection":[{"href":"https:\/\/www.marselsogutma.com\/en\/wp-json\/wp\/v2\/pages"}],"about":[{"href":"https:\/\/www.marselsogutma.com\/en\/wp-json\/wp\/v2\/types\/page"}],"author":[{"embeddable":true,"href":"https:\/\/www.marselsogutma.com\/en\/wp-json\/wp\/v2\/users\/1"}],"replies":[{"embeddable":true,"href":"https:\/\/www.marselsogutma.com\/en\/wp-json\/wp\/v2\/comments?post=6999"}],"version-history":[{"count":5,"href":"https:\/\/www.marselsogutma.com\/en\/wp-json\/wp\/v2\/pages\/6999\/revisions"}],"predecessor-version":[{"id":7030,"href":"https:\/\/www.marselsogutma.com\/en\/wp-json\/wp\/v2\/pages\/6999\/revisions\/7030"}],"wp:attachment":[{"href":"https:\/\/www.marselsogutma.com\/en\/wp-json\/wp\/v2\/media?parent=6999"}],"curies":[{"name":"wp","href":"https:\/\/api.w.org\/{rel}","templated":true}]}}