{"id":7449,"date":"2025-09-23T09:37:13","date_gmt":"2025-09-23T06:37:13","guid":{"rendered":"https:\/\/www.marselsogutma.com\/hostec-tusid-2025-fuarindayiz\/"},"modified":"2025-09-23T09:38:49","modified_gmt":"2025-09-23T06:38:49","slug":"hostech-by-tusid-istanbul-fair-2025","status":"publish","type":"page","link":"https:\/\/www.marselsogutma.com\/en\/hostech-by-tusid-istanbul-fair-2025\/","title":{"rendered":"Hostech By Tusid \u0130stanbul Fair 2025"},"content":{"rendered":"<section class=\"l-section wpb_row height_custom\"><div class=\"l-section-h i-cf\"><div class=\"g-cols vc_row via_flex valign_top type_default stacking_default\"><div class=\"vc_col-sm-6 wpb_column vc_column_container\"><div class=\"vc_column-inner\"><div class=\"wpb_wrapper\"><div class=\"w-image align_none\"><div class=\"w-image-h\"><img width=\"1024\" height=\"768\" src=\"https:\/\/www.marselsogutma.com\/wp-content\/uploads\/2025\/09\/Hostec-Tusid-20252-1024x768.jpg\" class=\"attachment-large size-large\" alt=\"\" decoding=\"async\" loading=\"lazy\" srcset=\"https:\/\/www.marselsogutma.com\/wp-content\/uploads\/2025\/09\/Hostec-Tusid-20252-1024x768.jpg 1024w, https:\/\/www.marselsogutma.com\/wp-content\/uploads\/2025\/09\/Hostec-Tusid-20252-300x225.jpg 300w, https:\/\/www.marselsogutma.com\/wp-content\/uploads\/2025\/09\/Hostec-Tusid-20252-533x400.jpg 533w, https:\/\/www.marselsogutma.com\/wp-content\/uploads\/2025\/09\/Hostec-Tusid-20252-67x50.jpg 67w, https:\/\/www.marselsogutma.com\/wp-content\/uploads\/2025\/09\/Hostec-Tusid-20252-16x11.jpg 16w, https:\/\/www.marselsogutma.com\/wp-content\/uploads\/2025\/09\/Hostec-Tusid-20252-148x111.jpg 148w, https:\/\/www.marselsogutma.com\/wp-content\/uploads\/2025\/09\/Hostec-Tusid-20252-180x135.jpg 180w, https:\/\/www.marselsogutma.com\/wp-content\/uploads\/2025\/09\/Hostec-Tusid-20252-600x450.jpg 600w\" sizes=\"(max-width: 1024px) 100vw, 1024px\" \/><\/div><\/div><div class=\"w-separator size_small\"><\/div><div class=\"w-image align_none\"><div class=\"w-image-h\"><img width=\"1024\" height=\"768\" src=\"https:\/\/www.marselsogutma.com\/wp-content\/uploads\/2025\/09\/Hostec-Tusid-20251-1024x768.jpg\" class=\"attachment-large size-large\" alt=\"\" decoding=\"async\" loading=\"lazy\" srcset=\"https:\/\/www.marselsogutma.com\/wp-content\/uploads\/2025\/09\/Hostec-Tusid-20251-1024x768.jpg 1024w, https:\/\/www.marselsogutma.com\/wp-content\/uploads\/2025\/09\/Hostec-Tusid-20251-300x225.jpg 300w, https:\/\/www.marselsogutma.com\/wp-content\/uploads\/2025\/09\/Hostec-Tusid-20251-533x400.jpg 533w, https:\/\/www.marselsogutma.com\/wp-content\/uploads\/2025\/09\/Hostec-Tusid-20251-67x50.jpg 67w, https:\/\/www.marselsogutma.com\/wp-content\/uploads\/2025\/09\/Hostec-Tusid-20251-16x11.jpg 16w, https:\/\/www.marselsogutma.com\/wp-content\/uploads\/2025\/09\/Hostec-Tusid-20251-148x111.jpg 148w, https:\/\/www.marselsogutma.com\/wp-content\/uploads\/2025\/09\/Hostec-Tusid-20251-180x135.jpg 180w, https:\/\/www.marselsogutma.com\/wp-content\/uploads\/2025\/09\/Hostec-Tusid-20251-600x450.jpg 600w\" sizes=\"(max-width: 1024px) 100vw, 1024px\" \/><\/div><\/div><div class=\"w-separator size_small\"><\/div><div class=\"w-image align_none\"><div class=\"w-image-h\"><img width=\"1024\" height=\"768\" src=\"https:\/\/www.marselsogutma.com\/wp-content\/uploads\/2025\/09\/Hostec-Tusid-20254-1024x768.jpg\" class=\"attachment-large size-large\" alt=\"\" decoding=\"async\" loading=\"lazy\" srcset=\"https:\/\/www.marselsogutma.com\/wp-content\/uploads\/2025\/09\/Hostec-Tusid-20254-1024x768.jpg 1024w, https:\/\/www.marselsogutma.com\/wp-content\/uploads\/2025\/09\/Hostec-Tusid-20254-300x225.jpg 300w, https:\/\/www.marselsogutma.com\/wp-content\/uploads\/2025\/09\/Hostec-Tusid-20254-533x400.jpg 533w, https:\/\/www.marselsogutma.com\/wp-content\/uploads\/2025\/09\/Hostec-Tusid-20254-67x50.jpg 67w, https:\/\/www.marselsogutma.com\/wp-content\/uploads\/2025\/09\/Hostec-Tusid-20254-16x11.jpg 16w, https:\/\/www.marselsogutma.com\/wp-content\/uploads\/2025\/09\/Hostec-Tusid-20254-148x111.jpg 148w, https:\/\/www.marselsogutma.com\/wp-content\/uploads\/2025\/09\/Hostec-Tusid-20254-180x135.jpg 180w, https:\/\/www.marselsogutma.com\/wp-content\/uploads\/2025\/09\/Hostec-Tusid-20254-600x450.jpg 600w\" sizes=\"(max-width: 1024px) 100vw, 1024px\" \/><\/div><\/div><\/div><\/div><\/div><div class=\"vc_col-sm-6 wpb_column vc_column_container\"><div class=\"vc_column-inner\"><div class=\"wpb_wrapper\"><div class=\"w-image align_none\"><div class=\"w-image-h\"><img width=\"1024\" height=\"768\" src=\"https:\/\/www.marselsogutma.com\/wp-content\/uploads\/2025\/09\/Hostec-Tusid-20253-1024x768.jpg\" class=\"attachment-large size-large\" alt=\"\" decoding=\"async\" loading=\"lazy\" srcset=\"https:\/\/www.marselsogutma.com\/wp-content\/uploads\/2025\/09\/Hostec-Tusid-20253-1024x768.jpg 1024w, https:\/\/www.marselsogutma.com\/wp-content\/uploads\/2025\/09\/Hostec-Tusid-20253-300x225.jpg 300w, https:\/\/www.marselsogutma.com\/wp-content\/uploads\/2025\/09\/Hostec-Tusid-20253-533x400.jpg 533w, https:\/\/www.marselsogutma.com\/wp-content\/uploads\/2025\/09\/Hostec-Tusid-20253-67x50.jpg 67w, https:\/\/www.marselsogutma.com\/wp-content\/uploads\/2025\/09\/Hostec-Tusid-20253-16x11.jpg 16w, https:\/\/www.marselsogutma.com\/wp-content\/uploads\/2025\/09\/Hostec-Tusid-20253-148x111.jpg 148w, https:\/\/www.marselsogutma.com\/wp-content\/uploads\/2025\/09\/Hostec-Tusid-20253-180x135.jpg 180w, https:\/\/www.marselsogutma.com\/wp-content\/uploads\/2025\/09\/Hostec-Tusid-20253-600x450.jpg 600w\" sizes=\"(max-width: 1024px) 100vw, 1024px\" \/><\/div><\/div><div class=\"w-separator size_small\"><\/div><div class=\"w-image align_none\"><div class=\"w-image-h\"><img width=\"1024\" height=\"768\" src=\"https:\/\/www.marselsogutma.com\/wp-content\/uploads\/2025\/09\/Hostec-Tusid-20255-1024x768.jpg\" class=\"attachment-large size-large\" alt=\"\" decoding=\"async\" loading=\"lazy\" srcset=\"https:\/\/www.marselsogutma.com\/wp-content\/uploads\/2025\/09\/Hostec-Tusid-20255-1024x768.jpg 1024w, https:\/\/www.marselsogutma.com\/wp-content\/uploads\/2025\/09\/Hostec-Tusid-20255-300x225.jpg 300w, https:\/\/www.marselsogutma.com\/wp-content\/uploads\/2025\/09\/Hostec-Tusid-20255-533x400.jpg 533w, https:\/\/www.marselsogutma.com\/wp-content\/uploads\/2025\/09\/Hostec-Tusid-20255-67x50.jpg 67w, https:\/\/www.marselsogutma.com\/wp-content\/uploads\/2025\/09\/Hostec-Tusid-20255-16x11.jpg 16w, https:\/\/www.marselsogutma.com\/wp-content\/uploads\/2025\/09\/Hostec-Tusid-20255-148x111.jpg 148w, https:\/\/www.marselsogutma.com\/wp-content\/uploads\/2025\/09\/Hostec-Tusid-20255-180x135.jpg 180w, https:\/\/www.marselsogutma.com\/wp-content\/uploads\/2025\/09\/Hostec-Tusid-20255-600x450.jpg 600w\" sizes=\"(max-width: 1024px) 100vw, 1024px\" \/><\/div><\/div><\/div><\/div><\/div><\/div><\/div><\/section>\n","protected":false},"excerpt":{"rendered":"","protected":false},"author":1,"featured_media":0,"parent":0,"menu_order":0,"comment_status":"closed","ping_status":"closed","template":"","meta":[],"acf":[],"yoast_head":"<!-- This site is optimized with the Yoast SEO plugin v21.0 - https:\/\/yoast.com\/wordpress\/plugins\/seo\/ -->\n<title>Hostech By Tusid \u0130stanbul Fair 2025 - Marsel So\u011futma A.\u015e<\/title>\n<meta name=\"robots\" content=\"index, follow, max-snippet:-1, max-image-preview:large, max-video-preview:-1\" \/>\n<link rel=\"canonical\" href=\"https:\/\/www.marselsogutma.com\/en\/hostech-by-tusid-istanbul-fair-2025\/\" \/>\n<meta property=\"og:locale\" content=\"en_US\" \/>\n<meta property=\"og:type\" content=\"article\" \/>\n<meta property=\"og:title\" content=\"Hostech By Tusid \u0130stanbul Fair 2025 - Marsel So\u011futma A.\u015e\" \/>\n<meta property=\"og:url\" content=\"https:\/\/www.marselsogutma.com\/en\/hostech-by-tusid-istanbul-fair-2025\/\" \/>\n<meta property=\"og:site_name\" content=\"Marsel So\u011futma A.\u015e\" \/>\n<meta property=\"article:publisher\" content=\"https:\/\/www.facebook.com\/MarselSogutma.AS\/\" \/>\n<meta property=\"article:modified_time\" content=\"2025-09-23T06:38:49+00:00\" \/>\n<meta name=\"twitter:card\" content=\"summary_large_image\" \/>\n<meta name=\"twitter:site\" content=\"@marselsogutma\" \/>\n<meta name=\"twitter:label1\" content=\"Est. reading time\" \/>\n\t<meta name=\"twitter:data1\" content=\"1 minute\" \/>\n<script type=\"application\/ld+json\" class=\"yoast-schema-graph\">{\"@context\":\"https:\/\/schema.org\",\"@graph\":[{\"@type\":\"WebPage\",\"@id\":\"https:\/\/www.marselsogutma.com\/en\/hostech-by-tusid-istanbul-fair-2025\/\",\"url\":\"https:\/\/www.marselsogutma.com\/en\/hostech-by-tusid-istanbul-fair-2025\/\",\"name\":\"Hostech By Tusid \u0130stanbul Fair 2025 - Marsel So\u011futma A.\u015e\",\"isPartOf\":{\"@id\":\"https:\/\/www.marselsogutma.com\/en\/#website\"},\"datePublished\":\"2025-09-23T06:37:13+00:00\",\"dateModified\":\"2025-09-23T06:38:49+00:00\",\"breadcrumb\":{\"@id\":\"https:\/\/www.marselsogutma.com\/en\/hostech-by-tusid-istanbul-fair-2025\/#breadcrumb\"},\"inLanguage\":\"en-US\",\"potentialAction\":[{\"@type\":\"ReadAction\",\"target\":[\"https:\/\/www.marselsogutma.com\/en\/hostech-by-tusid-istanbul-fair-2025\/\"]}]},{\"@type\":\"BreadcrumbList\",\"@id\":\"https:\/\/www.marselsogutma.com\/en\/hostech-by-tusid-istanbul-fair-2025\/#breadcrumb\",\"itemListElement\":[{\"@type\":\"ListItem\",\"position\":1,\"name\":\"Home page\",\"item\":\"https:\/\/www.marselsogutma.com\/en\/\"},{\"@type\":\"ListItem\",\"position\":2,\"name\":\"Hostech By Tusid \u0130stanbul Fair 2025\"}]},{\"@type\":\"WebSite\",\"@id\":\"https:\/\/www.marselsogutma.com\/en\/#website\",\"url\":\"https:\/\/www.marselsogutma.com\/en\/\",\"name\":\"Marsel So\u011futma A.\u015e\",\"description\":\"Marsel So\u011futma A.\u015e\",\"publisher\":{\"@id\":\"https:\/\/www.marselsogutma.com\/en\/#organization\"},\"potentialAction\":[{\"@type\":\"SearchAction\",\"target\":{\"@type\":\"EntryPoint\",\"urlTemplate\":\"https:\/\/www.marselsogutma.com\/en\/?s={search_term_string}\"},\"query-input\":\"required name=search_term_string\"}],\"inLanguage\":\"en-US\"},{\"@type\":\"Organization\",\"@id\":\"https:\/\/www.marselsogutma.com\/en\/#organization\",\"name\":\"Marsel So\u011futma A.\u015e.\",\"url\":\"https:\/\/www.marselsogutma.com\/en\/\",\"logo\":{\"@type\":\"ImageObject\",\"inLanguage\":\"en-US\",\"@id\":\"https:\/\/www.marselsogutma.com\/en\/#\/schema\/logo\/image\/\",\"url\":\"https:\/\/www.marselsogutma.com\/wp-content\/uploads\/2019\/09\/marsel-sogutma-sistemleri-logo.png\",\"contentUrl\":\"https:\/\/www.marselsogutma.com\/wp-content\/uploads\/2019\/09\/marsel-sogutma-sistemleri-logo.png\",\"width\":177,\"height\":57,\"caption\":\"Marsel So\u011futma A.\u015e.\"},\"image\":{\"@id\":\"https:\/\/www.marselsogutma.com\/en\/#\/schema\/logo\/image\/\"},\"sameAs\":[\"https:\/\/www.facebook.com\/MarselSogutma.AS\/\",\"https:\/\/twitter.com\/marselsogutma\",\"https:\/\/www.instagram.com\/marselsogutma\/\",\"https:\/\/www.linkedin.com\/company\/marsel-sogutma-as\",\"https:\/\/www.youtube.com\/channel\/UCxwUYkyF54aYE1YyOiXO69A\/featured\"]}]}<\/script>\n<!-- \/ Yoast SEO plugin. -->","yoast_head_json":{"title":"Hostech By Tusid \u0130stanbul Fair 2025 - Marsel So\u011futma A.\u015e","robots":{"index":"index","follow":"follow","max-snippet":"max-snippet:-1","max-image-preview":"max-image-preview:large","max-video-preview":"max-video-preview:-1"},"canonical":"https:\/\/www.marselsogutma.com\/en\/hostech-by-tusid-istanbul-fair-2025\/","og_locale":"en_US","og_type":"article","og_title":"Hostech By Tusid \u0130stanbul Fair 2025 - Marsel So\u011futma A.\u015e","og_url":"https:\/\/www.marselsogutma.com\/en\/hostech-by-tusid-istanbul-fair-2025\/","og_site_name":"Marsel So\u011futma A.\u015e","article_publisher":"https:\/\/www.facebook.com\/MarselSogutma.AS\/","article_modified_time":"2025-09-23T06:38:49+00:00","twitter_card":"summary_large_image","twitter_site":"@marselsogutma","twitter_misc":{"Est. reading time":"1 minute"},"schema":{"@context":"https:\/\/schema.org","@graph":[{"@type":"WebPage","@id":"https:\/\/www.marselsogutma.com\/en\/hostech-by-tusid-istanbul-fair-2025\/","url":"https:\/\/www.marselsogutma.com\/en\/hostech-by-tusid-istanbul-fair-2025\/","name":"Hostech By Tusid \u0130stanbul Fair 2025 - Marsel So\u011futma A.\u015e","isPartOf":{"@id":"https:\/\/www.marselsogutma.com\/en\/#website"},"datePublished":"2025-09-23T06:37:13+00:00","dateModified":"2025-09-23T06:38:49+00:00","breadcrumb":{"@id":"https:\/\/www.marselsogutma.com\/en\/hostech-by-tusid-istanbul-fair-2025\/#breadcrumb"},"inLanguage":"en-US","potentialAction":[{"@type":"ReadAction","target":["https:\/\/www.marselsogutma.com\/en\/hostech-by-tusid-istanbul-fair-2025\/"]}]},{"@type":"BreadcrumbList","@id":"https:\/\/www.marselsogutma.com\/en\/hostech-by-tusid-istanbul-fair-2025\/#breadcrumb","itemListElement":[{"@type":"ListItem","position":1,"name":"Home page","item":"https:\/\/www.marselsogutma.com\/en\/"},{"@type":"ListItem","position":2,"name":"Hostech By Tusid \u0130stanbul Fair 2025"}]},{"@type":"WebSite","@id":"https:\/\/www.marselsogutma.com\/en\/#website","url":"https:\/\/www.marselsogutma.com\/en\/","name":"Marsel So\u011futma A.\u015e","description":"Marsel So\u011futma A.\u015e","publisher":{"@id":"https:\/\/www.marselsogutma.com\/en\/#organization"},"potentialAction":[{"@type":"SearchAction","target":{"@type":"EntryPoint","urlTemplate":"https:\/\/www.marselsogutma.com\/en\/?s={search_term_string}"},"query-input":"required name=search_term_string"}],"inLanguage":"en-US"},{"@type":"Organization","@id":"https:\/\/www.marselsogutma.com\/en\/#organization","name":"Marsel So\u011futma A.\u015e.","url":"https:\/\/www.marselsogutma.com\/en\/","logo":{"@type":"ImageObject","inLanguage":"en-US","@id":"https:\/\/www.marselsogutma.com\/en\/#\/schema\/logo\/image\/","url":"https:\/\/www.marselsogutma.com\/wp-content\/uploads\/2019\/09\/marsel-sogutma-sistemleri-logo.png","contentUrl":"https:\/\/www.marselsogutma.com\/wp-content\/uploads\/2019\/09\/marsel-sogutma-sistemleri-logo.png","width":177,"height":57,"caption":"Marsel So\u011futma A.\u015e."},"image":{"@id":"https:\/\/www.marselsogutma.com\/en\/#\/schema\/logo\/image\/"},"sameAs":["https:\/\/www.facebook.com\/MarselSogutma.AS\/","https:\/\/twitter.com\/marselsogutma","https:\/\/www.instagram.com\/marselsogutma\/","https:\/\/www.linkedin.com\/company\/marsel-sogutma-as","https:\/\/www.youtube.com\/channel\/UCxwUYkyF54aYE1YyOiXO69A\/featured"]}]}},"_links":{"self":[{"href":"https:\/\/www.marselsogutma.com\/en\/wp-json\/wp\/v2\/pages\/7449"}],"collection":[{"href":"https:\/\/www.marselsogutma.com\/en\/wp-json\/wp\/v2\/pages"}],"about":[{"href":"https:\/\/www.marselsogutma.com\/en\/wp-json\/wp\/v2\/types\/page"}],"author":[{"embeddable":true,"href":"https:\/\/www.marselsogutma.com\/en\/wp-json\/wp\/v2\/users\/1"}],"replies":[{"embeddable":true,"href":"https:\/\/www.marselsogutma.com\/en\/wp-json\/wp\/v2\/comments?post=7449"}],"version-history":[{"count":3,"href":"https:\/\/www.marselsogutma.com\/en\/wp-json\/wp\/v2\/pages\/7449\/revisions"}],"predecessor-version":[{"id":7452,"href":"https:\/\/www.marselsogutma.com\/en\/wp-json\/wp\/v2\/pages\/7449\/revisions\/7452"}],"wp:attachment":[{"href":"https:\/\/www.marselsogutma.com\/en\/wp-json\/wp\/v2\/media?parent=7449"}],"curies":[{"name":"wp","href":"https:\/\/api.w.org\/{rel}","templated":true}]}}