{"id":5019,"date":"2021-05-18T13:50:37","date_gmt":"2021-05-18T10:50:39","guid":{"rendered":"http:\/\/www.marselsogutma.com\/?post_type=product&#038;p=5019"},"modified":"2022-03-21T14:01:23","modified_gmt":"2022-03-21T11:01:23","slug":"embraco-compressor-nek-6217-gk","status":"publish","type":"product","link":"https:\/\/www.marselsogutma.com\/en\/product\/embraco-compressor-nek-6217-gk\/","title":{"rendered":"Embraco Compressor NEK 6217 GK"},"content":{"rendered":"<h5>DOCUMENTS:<\/h5>\n<section class=\"l-section wpb_row height_custom\"><div class=\"l-section-h i-cf\"><div class=\"g-cols vc_row via_flex valign_top type_default stacking_default\"><div class=\"vc_col-sm-12 wpb_column vc_column_container\"><div class=\"vc_column-inner\"><div class=\"wpb_wrapper\"><div class=\"w-btn-wrapper align_none\"><a class=\"w-btn us-btn-style_6 us_custom_fe3abaec has_text_color icon_atleft\" target=\"_blank\" rel=\"nofollow\" href=\"\/wp-content\/uploads\/datasheet\/embraco-compressor-nek-6217-gk.pdf\"><i class=\"fas fa-file-pdf\"><\/i><span class=\"w-btn-label\">Technical Document<\/span><\/a><\/div><\/div><\/div><\/div><\/div><\/div><\/section>\n<section class=\"l-section wpb_row height_custom\"><div class=\"l-section-h i-cf\"><div class=\"g-cols vc_row via_flex valign_top type_default stacking_default\"><div class=\"vc_col-sm-2 wpb_column vc_column_container\"><div class=\"vc_column-inner\"><div class=\"wpb_wrapper\"><\/div><\/div><\/div><div class=\"vc_col-sm-8 wpb_column vc_column_container\"><div class=\"vc_column-inner\"><div class=\"wpb_wrapper\"><div class=\"w-video align_none ratio_16x9 has_iframe\"><div class=\"w-video-h\"><iframe title=\"Youtube video player\" src=\"\/\/www.youtube.com\/embed\/bnJ1dGNE228?autoplay=0&controls=1&origin=https:\/\/www.marselsogutma.com\/en\/&loop=0&mute=0\" allowfullscreen=\"1\" loading=\"lazy\"><\/iframe><\/div><div class=\"w-video-icon\" style=\"font-size:1.5rem;background:rgba(0,0,0,0.5);color:#fff\"><\/div><\/div><div class=\"wpb_text_column\"><div class=\"wpb_wrapper\"><h4 class=\"title style-scope ytd-video-primary-info-renderer\">Embraco NE Series CSR Wiring Wiring Diagram (SM06)<\/h4>\n<\/div><\/div><\/div><\/div><\/div><div class=\"vc_col-sm-2 wpb_column vc_column_container\"><div class=\"vc_column-inner\"><div class=\"wpb_wrapper\"><\/div><\/div><\/div><\/div><\/div><\/section>\n","protected":false},"excerpt":{"rendered":"<p>DOCUMENTS:<\/p>\n","protected":false},"featured_media":5397,"comment_status":"open","ping_status":"closed","template":"","meta":[],"product_cat":[591],"product_tag":[],"acf":[],"yoast_head":"<!-- This site is optimized with the Yoast SEO plugin v21.0 - https:\/\/yoast.com\/wordpress\/plugins\/seo\/ -->\n<title>Embraco Compressor NEK 6217 GK - Marsel So\u011futma A.\u015e<\/title>\n<meta name=\"description\" content=\"Visit our site for Embraco Compressor NEK 6217 GK technical information and application areas. Click to get information about stock and best price offer!\" \/>\n<meta name=\"robots\" content=\"index, follow, max-snippet:-1, max-image-preview:large, max-video-preview:-1\" \/>\n<link rel=\"canonical\" href=\"https:\/\/www.marselsogutma.com\/en\/product\/embraco-compressor-nek-6217-gk\/\" \/>\n<meta property=\"og:locale\" content=\"en_US\" \/>\n<meta property=\"og:type\" content=\"article\" \/>\n<meta property=\"og:title\" content=\"Embraco Compressor NEK 6217 GK - Marsel So\u011futma A.\u015e\" \/>\n<meta property=\"og:description\" content=\"Visit our site for Embraco Compressor NEK 6217 GK technical information and application areas. Click to get information about stock and best price offer!\" \/>\n<meta property=\"og:url\" content=\"https:\/\/www.marselsogutma.com\/en\/product\/embraco-compressor-nek-6217-gk\/\" \/>\n<meta property=\"og:site_name\" content=\"Marsel So\u011futma A.\u015e\" \/>\n<meta property=\"article:publisher\" content=\"https:\/\/www.facebook.com\/MarselSogutma.AS\/\" \/>\n<meta property=\"article:modified_time\" content=\"2022-03-21T11:01:23+00:00\" \/>\n<meta property=\"og:image\" content=\"https:\/\/www.marselsogutma.com\/wp-content\/uploads\/2021\/05\/embraco-hermetik-kompresor.jpg\" \/>\n\t<meta property=\"og:image:width\" content=\"350\" \/>\n\t<meta property=\"og:image:height\" content=\"330\" \/>\n\t<meta property=\"og:image:type\" content=\"image\/jpeg\" \/>\n<meta name=\"twitter:card\" content=\"summary_large_image\" \/>\n<meta name=\"twitter:site\" content=\"@marselsogutma\" \/>\n<meta name=\"twitter:label1\" content=\"Est. reading time\" \/>\n\t<meta name=\"twitter:data1\" content=\"1 minute\" \/>\n<script type=\"application\/ld+json\" class=\"yoast-schema-graph\">{\"@context\":\"https:\/\/schema.org\",\"@graph\":[{\"@type\":\"WebPage\",\"@id\":\"https:\/\/www.marselsogutma.com\/en\/product\/embraco-compressor-nek-6217-gk\/\",\"url\":\"https:\/\/www.marselsogutma.com\/en\/product\/embraco-compressor-nek-6217-gk\/\",\"name\":\"Embraco Compressor NEK 6217 GK - Marsel So\u011futma A.\u015e\",\"isPartOf\":{\"@id\":\"https:\/\/www.marselsogutma.com\/en\/#website\"},\"datePublished\":\"2021-05-18T10:50:39+00:00\",\"dateModified\":\"2022-03-21T11:01:23+00:00\",\"description\":\"Visit our site for Embraco Compressor NEK 6217 GK technical information and application areas. Click to get information about stock and best price offer!\",\"breadcrumb\":{\"@id\":\"https:\/\/www.marselsogutma.com\/en\/product\/embraco-compressor-nek-6217-gk\/#breadcrumb\"},\"inLanguage\":\"en-US\",\"potentialAction\":[{\"@type\":\"ReadAction\",\"target\":[\"https:\/\/www.marselsogutma.com\/en\/product\/embraco-compressor-nek-6217-gk\/\"]}]},{\"@type\":\"BreadcrumbList\",\"@id\":\"https:\/\/www.marselsogutma.com\/en\/product\/embraco-compressor-nek-6217-gk\/#breadcrumb\",\"itemListElement\":[{\"@type\":\"ListItem\",\"position\":1,\"name\":\"Home page\",\"item\":\"https:\/\/www.marselsogutma.com\/en\/\"},{\"@type\":\"ListItem\",\"position\":2,\"name\":\"Shop\",\"item\":\"https:\/\/www.marselsogutma.com\/en\/shop-2\/\"},{\"@type\":\"ListItem\",\"position\":3,\"name\":\"Embraco Compressor NEK 6217 GK\"}]},{\"@type\":\"WebSite\",\"@id\":\"https:\/\/www.marselsogutma.com\/en\/#website\",\"url\":\"https:\/\/www.marselsogutma.com\/en\/\",\"name\":\"Marsel So\u011futma A.\u015e\",\"description\":\"Marsel So\u011futma A.\u015e\",\"publisher\":{\"@id\":\"https:\/\/www.marselsogutma.com\/en\/#organization\"},\"potentialAction\":[{\"@type\":\"SearchAction\",\"target\":{\"@type\":\"EntryPoint\",\"urlTemplate\":\"https:\/\/www.marselsogutma.com\/en\/?s={search_term_string}\"},\"query-input\":\"required name=search_term_string\"}],\"inLanguage\":\"en-US\"},{\"@type\":\"Organization\",\"@id\":\"https:\/\/www.marselsogutma.com\/en\/#organization\",\"name\":\"Marsel So\u011futma A.\u015e.\",\"url\":\"https:\/\/www.marselsogutma.com\/en\/\",\"logo\":{\"@type\":\"ImageObject\",\"inLanguage\":\"en-US\",\"@id\":\"https:\/\/www.marselsogutma.com\/en\/#\/schema\/logo\/image\/\",\"url\":\"https:\/\/www.marselsogutma.com\/wp-content\/uploads\/2019\/09\/marsel-sogutma-sistemleri-logo.png\",\"contentUrl\":\"https:\/\/www.marselsogutma.com\/wp-content\/uploads\/2019\/09\/marsel-sogutma-sistemleri-logo.png\",\"width\":177,\"height\":57,\"caption\":\"Marsel So\u011futma A.\u015e.\"},\"image\":{\"@id\":\"https:\/\/www.marselsogutma.com\/en\/#\/schema\/logo\/image\/\"},\"sameAs\":[\"https:\/\/www.facebook.com\/MarselSogutma.AS\/\",\"https:\/\/twitter.com\/marselsogutma\",\"https:\/\/www.instagram.com\/marselsogutma\/\",\"https:\/\/www.linkedin.com\/company\/marsel-sogutma-as\",\"https:\/\/www.youtube.com\/channel\/UCxwUYkyF54aYE1YyOiXO69A\/featured\"]}]}<\/script>\n<!-- \/ Yoast SEO plugin. -->","yoast_head_json":{"title":"Embraco Compressor NEK 6217 GK - Marsel So\u011futma A.\u015e","description":"Visit our site for Embraco Compressor NEK 6217 GK technical information and application areas. Click to get information about stock and best price offer!","robots":{"index":"index","follow":"follow","max-snippet":"max-snippet:-1","max-image-preview":"max-image-preview:large","max-video-preview":"max-video-preview:-1"},"canonical":"https:\/\/www.marselsogutma.com\/en\/product\/embraco-compressor-nek-6217-gk\/","og_locale":"en_US","og_type":"article","og_title":"Embraco Compressor NEK 6217 GK - Marsel So\u011futma A.\u015e","og_description":"Visit our site for Embraco Compressor NEK 6217 GK technical information and application areas. Click to get information about stock and best price offer!","og_url":"https:\/\/www.marselsogutma.com\/en\/product\/embraco-compressor-nek-6217-gk\/","og_site_name":"Marsel So\u011futma A.\u015e","article_publisher":"https:\/\/www.facebook.com\/MarselSogutma.AS\/","article_modified_time":"2022-03-21T11:01:23+00:00","og_image":[{"width":350,"height":330,"url":"https:\/\/www.marselsogutma.com\/wp-content\/uploads\/2021\/05\/embraco-hermetik-kompresor.jpg","type":"image\/jpeg"}],"twitter_card":"summary_large_image","twitter_site":"@marselsogutma","twitter_misc":{"Est. reading time":"1 minute"},"schema":{"@context":"https:\/\/schema.org","@graph":[{"@type":"WebPage","@id":"https:\/\/www.marselsogutma.com\/en\/product\/embraco-compressor-nek-6217-gk\/","url":"https:\/\/www.marselsogutma.com\/en\/product\/embraco-compressor-nek-6217-gk\/","name":"Embraco Compressor NEK 6217 GK - Marsel So\u011futma A.\u015e","isPartOf":{"@id":"https:\/\/www.marselsogutma.com\/en\/#website"},"datePublished":"2021-05-18T10:50:39+00:00","dateModified":"2022-03-21T11:01:23+00:00","description":"Visit our site for Embraco Compressor NEK 6217 GK technical information and application areas. Click to get information about stock and best price offer!","breadcrumb":{"@id":"https:\/\/www.marselsogutma.com\/en\/product\/embraco-compressor-nek-6217-gk\/#breadcrumb"},"inLanguage":"en-US","potentialAction":[{"@type":"ReadAction","target":["https:\/\/www.marselsogutma.com\/en\/product\/embraco-compressor-nek-6217-gk\/"]}]},{"@type":"BreadcrumbList","@id":"https:\/\/www.marselsogutma.com\/en\/product\/embraco-compressor-nek-6217-gk\/#breadcrumb","itemListElement":[{"@type":"ListItem","position":1,"name":"Home page","item":"https:\/\/www.marselsogutma.com\/en\/"},{"@type":"ListItem","position":2,"name":"Shop","item":"https:\/\/www.marselsogutma.com\/en\/shop-2\/"},{"@type":"ListItem","position":3,"name":"Embraco Compressor NEK 6217 GK"}]},{"@type":"WebSite","@id":"https:\/\/www.marselsogutma.com\/en\/#website","url":"https:\/\/www.marselsogutma.com\/en\/","name":"Marsel So\u011futma A.\u015e","description":"Marsel So\u011futma A.\u015e","publisher":{"@id":"https:\/\/www.marselsogutma.com\/en\/#organization"},"potentialAction":[{"@type":"SearchAction","target":{"@type":"EntryPoint","urlTemplate":"https:\/\/www.marselsogutma.com\/en\/?s={search_term_string}"},"query-input":"required name=search_term_string"}],"inLanguage":"en-US"},{"@type":"Organization","@id":"https:\/\/www.marselsogutma.com\/en\/#organization","name":"Marsel So\u011futma A.\u015e.","url":"https:\/\/www.marselsogutma.com\/en\/","logo":{"@type":"ImageObject","inLanguage":"en-US","@id":"https:\/\/www.marselsogutma.com\/en\/#\/schema\/logo\/image\/","url":"https:\/\/www.marselsogutma.com\/wp-content\/uploads\/2019\/09\/marsel-sogutma-sistemleri-logo.png","contentUrl":"https:\/\/www.marselsogutma.com\/wp-content\/uploads\/2019\/09\/marsel-sogutma-sistemleri-logo.png","width":177,"height":57,"caption":"Marsel So\u011futma A.\u015e."},"image":{"@id":"https:\/\/www.marselsogutma.com\/en\/#\/schema\/logo\/image\/"},"sameAs":["https:\/\/www.facebook.com\/MarselSogutma.AS\/","https:\/\/twitter.com\/marselsogutma","https:\/\/www.instagram.com\/marselsogutma\/","https:\/\/www.linkedin.com\/company\/marsel-sogutma-as","https:\/\/www.youtube.com\/channel\/UCxwUYkyF54aYE1YyOiXO69A\/featured"]}]}},"_links":{"self":[{"href":"https:\/\/www.marselsogutma.com\/en\/wp-json\/wp\/v2\/product\/5019"}],"collection":[{"href":"https:\/\/www.marselsogutma.com\/en\/wp-json\/wp\/v2\/product"}],"about":[{"href":"https:\/\/www.marselsogutma.com\/en\/wp-json\/wp\/v2\/types\/product"}],"replies":[{"embeddable":true,"href":"https:\/\/www.marselsogutma.com\/en\/wp-json\/wp\/v2\/comments?post=5019"}],"wp:featuredmedia":[{"embeddable":true,"href":"https:\/\/www.marselsogutma.com\/en\/wp-json\/wp\/v2\/media\/5397"}],"wp:attachment":[{"href":"https:\/\/www.marselsogutma.com\/en\/wp-json\/wp\/v2\/media?parent=5019"}],"wp:term":[{"taxonomy":"product_cat","embeddable":true,"href":"https:\/\/www.marselsogutma.com\/en\/wp-json\/wp\/v2\/product_cat?post=5019"},{"taxonomy":"product_tag","embeddable":true,"href":"https:\/\/www.marselsogutma.com\/en\/wp-json\/wp\/v2\/product_tag?post=5019"}],"curies":[{"name":"wp","href":"https:\/\/api.w.org\/{rel}","templated":true}]}}