{"id":6906,"date":"2025-01-30T13:30:08","date_gmt":"2025-01-30T10:30:13","guid":{"rendered":"https:\/\/www.marselsogutma.com\/?post_type=product&#038;p=6906"},"modified":"2025-07-02T14:27:07","modified_gmt":"2025-07-02T11:27:07","slug":"de-na-20-0-gr-copper-filter-drier-6-35-2-50-sae","status":"publish","type":"product","link":"https:\/\/www.marselsogutma.com\/en\/product\/de-na-20-0-gr-copper-filter-drier-6-35-2-50-sae\/","title":{"rendered":"De.Na. 20.0 gr. Copper Filter Drier 6.35 &#8211; 2.50 SAE"},"content":{"rendered":"<h5>DOCUMENTS:<\/h5>\n<div class=\"w-btn-wrapper align_none\"><a class=\"w-btn us-btn-style_6 us_custom_fe3abaec has_text_color icon_atleft\" target=\"_blank\" href=\"\/wp-content\/uploads\/datasheet\/Dena-Filter-Drier-SM-2024.pdf\"><i class=\"fas fa-file-pdf\"><\/i><span class=\"w-btn-label\">Technical Document<\/span><\/a><\/div>\n<div class=\"w-btn-wrapper align_none\"><a class=\"w-btn us-btn-style_6 us_custom_fe3abaec has_text_color icon_atleft\" target=\"_blank\" rel=\"nofollow\" href=\"\/wp-content\/uploads\/datasheet\/Dena-20gr-teknik-cizim.pdf\"><i class=\"fas fa-file-pdf\"><\/i><span class=\"w-btn-label\">Technical Drawing<\/span><\/a><\/div>\n","protected":false},"excerpt":{"rendered":"<p>DOCUMENTS:<\/p>\n","protected":false},"featured_media":6900,"comment_status":"open","ping_status":"closed","template":"","meta":[],"product_cat":[2130],"product_tag":[],"acf":[],"yoast_head":"<!-- This site is optimized with the Yoast SEO plugin v21.0 - https:\/\/yoast.com\/wordpress\/plugins\/seo\/ -->\n<title>De.Na. 20.0 gr. Copper Filter Drier 6.35 - 2.50 SAE - Marsel So\u011futma A.\u015e<\/title>\n<meta name=\"description\" content=\"Visit our site for De.Na. 20.0 gr. Copper Filter Drier 6.35 - 2.50 SAE technical information and application areas. Click to get information about stock and best price offer!\" \/>\n<meta name=\"robots\" content=\"index, follow, max-snippet:-1, max-image-preview:large, max-video-preview:-1\" \/>\n<link rel=\"canonical\" href=\"https:\/\/www.marselsogutma.com\/en\/product\/de-na-20-0-gr-copper-filter-drier-6-35-2-50-sae\/\" \/>\n<meta property=\"og:locale\" content=\"en_US\" \/>\n<meta property=\"og:type\" content=\"article\" \/>\n<meta property=\"og:title\" content=\"De.Na. 20.0 gr. Copper Filter Drier 6.35 - 2.50 SAE - Marsel So\u011futma A.\u015e\" \/>\n<meta property=\"og:description\" content=\"Visit our site for De.Na. 20.0 gr. Copper Filter Drier 6.35 - 2.50 SAE technical information and application areas. Click to get information about stock and best price offer!\" \/>\n<meta property=\"og:url\" content=\"https:\/\/www.marselsogutma.com\/en\/product\/de-na-20-0-gr-copper-filter-drier-6-35-2-50-sae\/\" \/>\n<meta property=\"og:site_name\" content=\"Marsel So\u011futma A.\u015e\" \/>\n<meta property=\"article:publisher\" content=\"https:\/\/www.facebook.com\/MarselSogutma.AS\/\" \/>\n<meta property=\"article:modified_time\" content=\"2025-07-02T11:27:07+00:00\" \/>\n<meta property=\"og:image\" content=\"https:\/\/www.marselsogutma.com\/wp-content\/uploads\/2025\/01\/dena-kurutucu-filtreler.jpg\" \/>\n\t<meta property=\"og:image:width\" content=\"350\" \/>\n\t<meta property=\"og:image:height\" content=\"330\" \/>\n\t<meta property=\"og:image:type\" content=\"image\/jpeg\" \/>\n<meta name=\"twitter:card\" content=\"summary_large_image\" \/>\n<meta name=\"twitter:site\" content=\"@marselsogutma\" \/>\n<meta name=\"twitter:label1\" content=\"Est. reading time\" \/>\n\t<meta name=\"twitter:data1\" content=\"1 minute\" \/>\n<script type=\"application\/ld+json\" class=\"yoast-schema-graph\">{\"@context\":\"https:\/\/schema.org\",\"@graph\":[{\"@type\":\"WebPage\",\"@id\":\"https:\/\/www.marselsogutma.com\/en\/product\/de-na-20-0-gr-copper-filter-drier-6-35-2-50-sae\/\",\"url\":\"https:\/\/www.marselsogutma.com\/en\/product\/de-na-20-0-gr-copper-filter-drier-6-35-2-50-sae\/\",\"name\":\"De.Na. 20.0 gr. Copper Filter Drier 6.35 - 2.50 SAE - Marsel So\u011futma A.\u015e\",\"isPartOf\":{\"@id\":\"https:\/\/www.marselsogutma.com\/en\/#website\"},\"datePublished\":\"2025-01-30T10:30:13+00:00\",\"dateModified\":\"2025-07-02T11:27:07+00:00\",\"description\":\"Visit our site for De.Na. 20.0 gr. Copper Filter Drier 6.35 - 2.50 SAE technical information and application areas. Click to get information about stock and best price offer!\",\"breadcrumb\":{\"@id\":\"https:\/\/www.marselsogutma.com\/en\/product\/de-na-20-0-gr-copper-filter-drier-6-35-2-50-sae\/#breadcrumb\"},\"inLanguage\":\"en-US\",\"potentialAction\":[{\"@type\":\"ReadAction\",\"target\":[\"https:\/\/www.marselsogutma.com\/en\/product\/de-na-20-0-gr-copper-filter-drier-6-35-2-50-sae\/\"]}]},{\"@type\":\"BreadcrumbList\",\"@id\":\"https:\/\/www.marselsogutma.com\/en\/product\/de-na-20-0-gr-copper-filter-drier-6-35-2-50-sae\/#breadcrumb\",\"itemListElement\":[{\"@type\":\"ListItem\",\"position\":1,\"name\":\"Home page\",\"item\":\"https:\/\/www.marselsogutma.com\/en\/\"},{\"@type\":\"ListItem\",\"position\":2,\"name\":\"Shop\",\"item\":\"https:\/\/www.marselsogutma.com\/en\/shop-2\/\"},{\"@type\":\"ListItem\",\"position\":3,\"name\":\"De.Na. 20.0 gr. Copper Filter Drier 6.35 &#8211; 2.50 SAE\"}]},{\"@type\":\"WebSite\",\"@id\":\"https:\/\/www.marselsogutma.com\/en\/#website\",\"url\":\"https:\/\/www.marselsogutma.com\/en\/\",\"name\":\"Marsel So\u011futma A.\u015e\",\"description\":\"Marsel So\u011futma A.\u015e\",\"publisher\":{\"@id\":\"https:\/\/www.marselsogutma.com\/en\/#organization\"},\"potentialAction\":[{\"@type\":\"SearchAction\",\"target\":{\"@type\":\"EntryPoint\",\"urlTemplate\":\"https:\/\/www.marselsogutma.com\/en\/?s={search_term_string}\"},\"query-input\":\"required name=search_term_string\"}],\"inLanguage\":\"en-US\"},{\"@type\":\"Organization\",\"@id\":\"https:\/\/www.marselsogutma.com\/en\/#organization\",\"name\":\"Marsel So\u011futma A.\u015e.\",\"url\":\"https:\/\/www.marselsogutma.com\/en\/\",\"logo\":{\"@type\":\"ImageObject\",\"inLanguage\":\"en-US\",\"@id\":\"https:\/\/www.marselsogutma.com\/en\/#\/schema\/logo\/image\/\",\"url\":\"https:\/\/www.marselsogutma.com\/wp-content\/uploads\/2019\/09\/marsel-sogutma-sistemleri-logo.png\",\"contentUrl\":\"https:\/\/www.marselsogutma.com\/wp-content\/uploads\/2019\/09\/marsel-sogutma-sistemleri-logo.png\",\"width\":177,\"height\":57,\"caption\":\"Marsel So\u011futma A.\u015e.\"},\"image\":{\"@id\":\"https:\/\/www.marselsogutma.com\/en\/#\/schema\/logo\/image\/\"},\"sameAs\":[\"https:\/\/www.facebook.com\/MarselSogutma.AS\/\",\"https:\/\/twitter.com\/marselsogutma\",\"https:\/\/www.instagram.com\/marselsogutma\/\",\"https:\/\/www.linkedin.com\/company\/marsel-sogutma-as\",\"https:\/\/www.youtube.com\/channel\/UCxwUYkyF54aYE1YyOiXO69A\/featured\"]}]}<\/script>\n<!-- \/ Yoast SEO plugin. -->","yoast_head_json":{"title":"De.Na. 20.0 gr. Copper Filter Drier 6.35 - 2.50 SAE - Marsel So\u011futma A.\u015e","description":"Visit our site for De.Na. 20.0 gr. Copper Filter Drier 6.35 - 2.50 SAE technical information and application areas. Click to get information about stock and best price offer!","robots":{"index":"index","follow":"follow","max-snippet":"max-snippet:-1","max-image-preview":"max-image-preview:large","max-video-preview":"max-video-preview:-1"},"canonical":"https:\/\/www.marselsogutma.com\/en\/product\/de-na-20-0-gr-copper-filter-drier-6-35-2-50-sae\/","og_locale":"en_US","og_type":"article","og_title":"De.Na. 20.0 gr. Copper Filter Drier 6.35 - 2.50 SAE - Marsel So\u011futma A.\u015e","og_description":"Visit our site for De.Na. 20.0 gr. Copper Filter Drier 6.35 - 2.50 SAE technical information and application areas. Click to get information about stock and best price offer!","og_url":"https:\/\/www.marselsogutma.com\/en\/product\/de-na-20-0-gr-copper-filter-drier-6-35-2-50-sae\/","og_site_name":"Marsel So\u011futma A.\u015e","article_publisher":"https:\/\/www.facebook.com\/MarselSogutma.AS\/","article_modified_time":"2025-07-02T11:27:07+00:00","og_image":[{"width":350,"height":330,"url":"https:\/\/www.marselsogutma.com\/wp-content\/uploads\/2025\/01\/dena-kurutucu-filtreler.jpg","type":"image\/jpeg"}],"twitter_card":"summary_large_image","twitter_site":"@marselsogutma","twitter_misc":{"Est. reading time":"1 minute"},"schema":{"@context":"https:\/\/schema.org","@graph":[{"@type":"WebPage","@id":"https:\/\/www.marselsogutma.com\/en\/product\/de-na-20-0-gr-copper-filter-drier-6-35-2-50-sae\/","url":"https:\/\/www.marselsogutma.com\/en\/product\/de-na-20-0-gr-copper-filter-drier-6-35-2-50-sae\/","name":"De.Na. 20.0 gr. Copper Filter Drier 6.35 - 2.50 SAE - Marsel So\u011futma A.\u015e","isPartOf":{"@id":"https:\/\/www.marselsogutma.com\/en\/#website"},"datePublished":"2025-01-30T10:30:13+00:00","dateModified":"2025-07-02T11:27:07+00:00","description":"Visit our site for De.Na. 20.0 gr. Copper Filter Drier 6.35 - 2.50 SAE technical information and application areas. Click to get information about stock and best price offer!","breadcrumb":{"@id":"https:\/\/www.marselsogutma.com\/en\/product\/de-na-20-0-gr-copper-filter-drier-6-35-2-50-sae\/#breadcrumb"},"inLanguage":"en-US","potentialAction":[{"@type":"ReadAction","target":["https:\/\/www.marselsogutma.com\/en\/product\/de-na-20-0-gr-copper-filter-drier-6-35-2-50-sae\/"]}]},{"@type":"BreadcrumbList","@id":"https:\/\/www.marselsogutma.com\/en\/product\/de-na-20-0-gr-copper-filter-drier-6-35-2-50-sae\/#breadcrumb","itemListElement":[{"@type":"ListItem","position":1,"name":"Home page","item":"https:\/\/www.marselsogutma.com\/en\/"},{"@type":"ListItem","position":2,"name":"Shop","item":"https:\/\/www.marselsogutma.com\/en\/shop-2\/"},{"@type":"ListItem","position":3,"name":"De.Na. 20.0 gr. Copper Filter Drier 6.35 &#8211; 2.50 SAE"}]},{"@type":"WebSite","@id":"https:\/\/www.marselsogutma.com\/en\/#website","url":"https:\/\/www.marselsogutma.com\/en\/","name":"Marsel So\u011futma A.\u015e","description":"Marsel So\u011futma A.\u015e","publisher":{"@id":"https:\/\/www.marselsogutma.com\/en\/#organization"},"potentialAction":[{"@type":"SearchAction","target":{"@type":"EntryPoint","urlTemplate":"https:\/\/www.marselsogutma.com\/en\/?s={search_term_string}"},"query-input":"required name=search_term_string"}],"inLanguage":"en-US"},{"@type":"Organization","@id":"https:\/\/www.marselsogutma.com\/en\/#organization","name":"Marsel So\u011futma A.\u015e.","url":"https:\/\/www.marselsogutma.com\/en\/","logo":{"@type":"ImageObject","inLanguage":"en-US","@id":"https:\/\/www.marselsogutma.com\/en\/#\/schema\/logo\/image\/","url":"https:\/\/www.marselsogutma.com\/wp-content\/uploads\/2019\/09\/marsel-sogutma-sistemleri-logo.png","contentUrl":"https:\/\/www.marselsogutma.com\/wp-content\/uploads\/2019\/09\/marsel-sogutma-sistemleri-logo.png","width":177,"height":57,"caption":"Marsel So\u011futma A.\u015e."},"image":{"@id":"https:\/\/www.marselsogutma.com\/en\/#\/schema\/logo\/image\/"},"sameAs":["https:\/\/www.facebook.com\/MarselSogutma.AS\/","https:\/\/twitter.com\/marselsogutma","https:\/\/www.instagram.com\/marselsogutma\/","https:\/\/www.linkedin.com\/company\/marsel-sogutma-as","https:\/\/www.youtube.com\/channel\/UCxwUYkyF54aYE1YyOiXO69A\/featured"]}]}},"_links":{"self":[{"href":"https:\/\/www.marselsogutma.com\/en\/wp-json\/wp\/v2\/product\/6906"}],"collection":[{"href":"https:\/\/www.marselsogutma.com\/en\/wp-json\/wp\/v2\/product"}],"about":[{"href":"https:\/\/www.marselsogutma.com\/en\/wp-json\/wp\/v2\/types\/product"}],"replies":[{"embeddable":true,"href":"https:\/\/www.marselsogutma.com\/en\/wp-json\/wp\/v2\/comments?post=6906"}],"wp:featuredmedia":[{"embeddable":true,"href":"https:\/\/www.marselsogutma.com\/en\/wp-json\/wp\/v2\/media\/6900"}],"wp:attachment":[{"href":"https:\/\/www.marselsogutma.com\/en\/wp-json\/wp\/v2\/media?parent=6906"}],"wp:term":[{"taxonomy":"product_cat","embeddable":true,"href":"https:\/\/www.marselsogutma.com\/en\/wp-json\/wp\/v2\/product_cat?post=6906"},{"taxonomy":"product_tag","embeddable":true,"href":"https:\/\/www.marselsogutma.com\/en\/wp-json\/wp\/v2\/product_tag?post=6906"}],"curies":[{"name":"wp","href":"https:\/\/api.w.org\/{rel}","templated":true}]}}