{"id":7303,"date":"2025-06-13T13:14:10","date_gmt":"2025-06-13T12:05:25","guid":{"rendered":"https:\/\/www.marselsogutma.com\/urun\/dorin-h705-cc-semi-hermetic-compressor\/"},"modified":"2025-06-13T15:05:25","modified_gmt":"2025-06-13T12:05:25","slug":"dorin-h705-cc-semi-hermetic-compressor","status":"publish","type":"product","link":"https:\/\/www.marselsogutma.com\/en\/product\/dorin-h705-cc-semi-hermetic-compressor\/","title":{"rendered":"Dorin H705 CC Semi Hermetic Compressor"},"content":{"rendered":"","protected":false},"excerpt":{"rendered":"","protected":false},"featured_media":7117,"comment_status":"open","ping_status":"closed","template":"","meta":[],"product_cat":[2385],"product_tag":[],"acf":[],"yoast_head":"<!-- This site is optimized with the Yoast SEO plugin v21.0 - https:\/\/yoast.com\/wordpress\/plugins\/seo\/ -->\n<title>Dorin H705 CC Semi Hermetic Compressor - Marsel So\u011futma A.\u015e<\/title>\n<meta name=\"description\" content=\"Visit our site for Dorin H705 CC Semi Hermetic Compressor technical information and application areas. Click to get information about stock and best price offer!\" \/>\n<meta name=\"robots\" content=\"index, follow, max-snippet:-1, max-image-preview:large, max-video-preview:-1\" \/>\n<link rel=\"canonical\" href=\"https:\/\/www.marselsogutma.com\/en\/product\/dorin-h705-cc-semi-hermetic-compressor\/\" \/>\n<meta property=\"og:locale\" content=\"en_US\" \/>\n<meta property=\"og:type\" content=\"article\" \/>\n<meta property=\"og:title\" content=\"Dorin H705 CC Semi Hermetic Compressor - Marsel So\u011futma A.\u015e\" \/>\n<meta property=\"og:description\" content=\"Visit our site for Dorin H705 CC Semi Hermetic Compressor technical information and application areas. Click to get information about stock and best price offer!\" \/>\n<meta property=\"og:url\" content=\"https:\/\/www.marselsogutma.com\/en\/product\/dorin-h705-cc-semi-hermetic-compressor\/\" \/>\n<meta property=\"og:site_name\" content=\"Marsel So\u011futma A.\u015e\" \/>\n<meta property=\"article:publisher\" content=\"https:\/\/www.facebook.com\/MarselSogutma.AS\/\" \/>\n<meta name=\"twitter:card\" content=\"summary_large_image\" \/>\n<meta name=\"twitter:site\" content=\"@marselsogutma\" \/>\n<script type=\"application\/ld+json\" class=\"yoast-schema-graph\">{\"@context\":\"https:\/\/schema.org\",\"@graph\":[{\"@type\":\"WebPage\",\"@id\":\"https:\/\/www.marselsogutma.com\/en\/product\/dorin-h705-cc-semi-hermetic-compressor\/\",\"url\":\"https:\/\/www.marselsogutma.com\/en\/product\/dorin-h705-cc-semi-hermetic-compressor\/\",\"name\":\"Dorin H705 CC Semi Hermetic Compressor - Marsel So\u011futma A.\u015e\",\"isPartOf\":{\"@id\":\"https:\/\/www.marselsogutma.com\/en\/#website\"},\"datePublished\":\"2025-06-13T12:05:25+00:00\",\"dateModified\":\"2025-06-13T12:05:25+00:00\",\"description\":\"Visit our site for Dorin H705 CC Semi Hermetic Compressor technical information and application areas. Click to get information about stock and best price offer!\",\"breadcrumb\":{\"@id\":\"https:\/\/www.marselsogutma.com\/en\/product\/dorin-h705-cc-semi-hermetic-compressor\/#breadcrumb\"},\"inLanguage\":\"en-US\",\"potentialAction\":[{\"@type\":\"ReadAction\",\"target\":[\"https:\/\/www.marselsogutma.com\/en\/product\/dorin-h705-cc-semi-hermetic-compressor\/\"]}]},{\"@type\":\"BreadcrumbList\",\"@id\":\"https:\/\/www.marselsogutma.com\/en\/product\/dorin-h705-cc-semi-hermetic-compressor\/#breadcrumb\",\"itemListElement\":[{\"@type\":\"ListItem\",\"position\":1,\"name\":\"Home page\",\"item\":\"https:\/\/www.marselsogutma.com\/en\/\"},{\"@type\":\"ListItem\",\"position\":2,\"name\":\"Shop\",\"item\":\"https:\/\/www.marselsogutma.com\/en\/shop-2\/\"},{\"@type\":\"ListItem\",\"position\":3,\"name\":\"Dorin H705 CC Semi Hermetic Compressor\"}]},{\"@type\":\"WebSite\",\"@id\":\"https:\/\/www.marselsogutma.com\/en\/#website\",\"url\":\"https:\/\/www.marselsogutma.com\/en\/\",\"name\":\"Marsel So\u011futma A.\u015e\",\"description\":\"Marsel So\u011futma A.\u015e\",\"publisher\":{\"@id\":\"https:\/\/www.marselsogutma.com\/en\/#organization\"},\"potentialAction\":[{\"@type\":\"SearchAction\",\"target\":{\"@type\":\"EntryPoint\",\"urlTemplate\":\"https:\/\/www.marselsogutma.com\/en\/?s={search_term_string}\"},\"query-input\":\"required name=search_term_string\"}],\"inLanguage\":\"en-US\"},{\"@type\":\"Organization\",\"@id\":\"https:\/\/www.marselsogutma.com\/en\/#organization\",\"name\":\"Marsel So\u011futma A.\u015e.\",\"url\":\"https:\/\/www.marselsogutma.com\/en\/\",\"logo\":{\"@type\":\"ImageObject\",\"inLanguage\":\"en-US\",\"@id\":\"https:\/\/www.marselsogutma.com\/en\/#\/schema\/logo\/image\/\",\"url\":\"https:\/\/www.marselsogutma.com\/wp-content\/uploads\/2019\/09\/marsel-sogutma-sistemleri-logo.png\",\"contentUrl\":\"https:\/\/www.marselsogutma.com\/wp-content\/uploads\/2019\/09\/marsel-sogutma-sistemleri-logo.png\",\"width\":177,\"height\":57,\"caption\":\"Marsel So\u011futma A.\u015e.\"},\"image\":{\"@id\":\"https:\/\/www.marselsogutma.com\/en\/#\/schema\/logo\/image\/\"},\"sameAs\":[\"https:\/\/www.facebook.com\/MarselSogutma.AS\/\",\"https:\/\/twitter.com\/marselsogutma\",\"https:\/\/www.instagram.com\/marselsogutma\/\",\"https:\/\/www.linkedin.com\/company\/marsel-sogutma-as\",\"https:\/\/www.youtube.com\/channel\/UCxwUYkyF54aYE1YyOiXO69A\/featured\"]}]}<\/script>\n<!-- \/ Yoast SEO plugin. -->","yoast_head_json":{"title":"Dorin H705 CC Semi Hermetic Compressor - Marsel So\u011futma A.\u015e","description":"Visit our site for Dorin H705 CC Semi Hermetic Compressor technical information and application areas. Click to get information about stock and best price offer!","robots":{"index":"index","follow":"follow","max-snippet":"max-snippet:-1","max-image-preview":"max-image-preview:large","max-video-preview":"max-video-preview:-1"},"canonical":"https:\/\/www.marselsogutma.com\/en\/product\/dorin-h705-cc-semi-hermetic-compressor\/","og_locale":"en_US","og_type":"article","og_title":"Dorin H705 CC Semi Hermetic Compressor - Marsel So\u011futma A.\u015e","og_description":"Visit our site for Dorin H705 CC Semi Hermetic Compressor technical information and application areas. Click to get information about stock and best price offer!","og_url":"https:\/\/www.marselsogutma.com\/en\/product\/dorin-h705-cc-semi-hermetic-compressor\/","og_site_name":"Marsel So\u011futma A.\u015e","article_publisher":"https:\/\/www.facebook.com\/MarselSogutma.AS\/","twitter_card":"summary_large_image","twitter_site":"@marselsogutma","schema":{"@context":"https:\/\/schema.org","@graph":[{"@type":"WebPage","@id":"https:\/\/www.marselsogutma.com\/en\/product\/dorin-h705-cc-semi-hermetic-compressor\/","url":"https:\/\/www.marselsogutma.com\/en\/product\/dorin-h705-cc-semi-hermetic-compressor\/","name":"Dorin H705 CC Semi Hermetic Compressor - Marsel So\u011futma A.\u015e","isPartOf":{"@id":"https:\/\/www.marselsogutma.com\/en\/#website"},"datePublished":"2025-06-13T12:05:25+00:00","dateModified":"2025-06-13T12:05:25+00:00","description":"Visit our site for Dorin H705 CC Semi Hermetic Compressor technical information and application areas. Click to get information about stock and best price offer!","breadcrumb":{"@id":"https:\/\/www.marselsogutma.com\/en\/product\/dorin-h705-cc-semi-hermetic-compressor\/#breadcrumb"},"inLanguage":"en-US","potentialAction":[{"@type":"ReadAction","target":["https:\/\/www.marselsogutma.com\/en\/product\/dorin-h705-cc-semi-hermetic-compressor\/"]}]},{"@type":"BreadcrumbList","@id":"https:\/\/www.marselsogutma.com\/en\/product\/dorin-h705-cc-semi-hermetic-compressor\/#breadcrumb","itemListElement":[{"@type":"ListItem","position":1,"name":"Home page","item":"https:\/\/www.marselsogutma.com\/en\/"},{"@type":"ListItem","position":2,"name":"Shop","item":"https:\/\/www.marselsogutma.com\/en\/shop-2\/"},{"@type":"ListItem","position":3,"name":"Dorin H705 CC Semi Hermetic Compressor"}]},{"@type":"WebSite","@id":"https:\/\/www.marselsogutma.com\/en\/#website","url":"https:\/\/www.marselsogutma.com\/en\/","name":"Marsel So\u011futma A.\u015e","description":"Marsel So\u011futma A.\u015e","publisher":{"@id":"https:\/\/www.marselsogutma.com\/en\/#organization"},"potentialAction":[{"@type":"SearchAction","target":{"@type":"EntryPoint","urlTemplate":"https:\/\/www.marselsogutma.com\/en\/?s={search_term_string}"},"query-input":"required name=search_term_string"}],"inLanguage":"en-US"},{"@type":"Organization","@id":"https:\/\/www.marselsogutma.com\/en\/#organization","name":"Marsel So\u011futma A.\u015e.","url":"https:\/\/www.marselsogutma.com\/en\/","logo":{"@type":"ImageObject","inLanguage":"en-US","@id":"https:\/\/www.marselsogutma.com\/en\/#\/schema\/logo\/image\/","url":"https:\/\/www.marselsogutma.com\/wp-content\/uploads\/2019\/09\/marsel-sogutma-sistemleri-logo.png","contentUrl":"https:\/\/www.marselsogutma.com\/wp-content\/uploads\/2019\/09\/marsel-sogutma-sistemleri-logo.png","width":177,"height":57,"caption":"Marsel So\u011futma A.\u015e."},"image":{"@id":"https:\/\/www.marselsogutma.com\/en\/#\/schema\/logo\/image\/"},"sameAs":["https:\/\/www.facebook.com\/MarselSogutma.AS\/","https:\/\/twitter.com\/marselsogutma","https:\/\/www.instagram.com\/marselsogutma\/","https:\/\/www.linkedin.com\/company\/marsel-sogutma-as","https:\/\/www.youtube.com\/channel\/UCxwUYkyF54aYE1YyOiXO69A\/featured"]}]}},"_links":{"self":[{"href":"https:\/\/www.marselsogutma.com\/en\/wp-json\/wp\/v2\/product\/7303"}],"collection":[{"href":"https:\/\/www.marselsogutma.com\/en\/wp-json\/wp\/v2\/product"}],"about":[{"href":"https:\/\/www.marselsogutma.com\/en\/wp-json\/wp\/v2\/types\/product"}],"replies":[{"embeddable":true,"href":"https:\/\/www.marselsogutma.com\/en\/wp-json\/wp\/v2\/comments?post=7303"}],"wp:featuredmedia":[{"embeddable":true,"href":"https:\/\/www.marselsogutma.com\/en\/wp-json\/wp\/v2\/media\/7117"}],"wp:attachment":[{"href":"https:\/\/www.marselsogutma.com\/en\/wp-json\/wp\/v2\/media?parent=7303"}],"wp:term":[{"taxonomy":"product_cat","embeddable":true,"href":"https:\/\/www.marselsogutma.com\/en\/wp-json\/wp\/v2\/product_cat?post=7303"},{"taxonomy":"product_tag","embeddable":true,"href":"https:\/\/www.marselsogutma.com\/en\/wp-json\/wp\/v2\/product_tag?post=7303"}],"curies":[{"name":"wp","href":"https:\/\/api.w.org\/{rel}","templated":true}]}}